{"id":3772,"date":"2022-05-13T14:20:00","date_gmt":"2022-05-13T12:20:00","guid":{"rendered":"https:\/\/www.bolstersoftgoods.com\/industrien\/health-medical\/"},"modified":"2023-10-30T15:46:34","modified_gmt":"2023-10-30T14:46:34","slug":"health-medical","status":"publish","type":"page","link":"https:\/\/bolster.staging.legitagency.nl\/de\/industrien\/health-medical\/","title":{"rendered":"Health &amp; Medical"},"content":{"rendered":"<div class=\"wpb-content-wrapper\"><p>[vc_row row_height_percent=&#8220;80&#8243; back_image=&#8220;1776&#8243; overlay_color=&#8220;color-jevc&#8220; overlay_alpha=&#8220;25&#8243; gutter_size=&#8220;3&#8243; column_width_percent=&#8220;100&#8243; shift_y=&#8220;0&#8243; z_index=&#8220;0&#8243; el_class=&#8220;header-industry&#8220; uncode_shortcode_id=&#8220;208792&#8243; overlay_color_type=&#8220;uncode-palette&#8220;][vc_column column_width_percent=&#8220;100&#8243; position_vertical=&#8220;middle&#8220; gutter_size=&#8220;3&#8243; overlay_alpha=&#8220;50&#8243; shift_x=&#8220;0&#8243; shift_y=&#8220;0&#8243; shift_y_down=&#8220;0&#8243; z_index=&#8220;0&#8243; medium_width=&#8220;0&#8243; mobile_width=&#8220;0&#8243; width=&#8220;2\/3&#8243;][vc_custom_heading text_color=&#8220;color-174713&#8243; heading_semantic=&#8220;h1&#8243; text_size=&#8220;fontsize-209830&#8243; text_weight=&#8220;900&#8243; uncode_shortcode_id=&#8220;170919&#8243; text_color_type=&#8220;uncode-palette&#8220;]Health &amp; Medical[\/vc_custom_heading][vc_column_text el_class=&#8220;portfolio-header-text&#8220; uncode_shortcode_id=&#8220;137687&#8243;][\/vc_column_text][vc_empty_space empty_h=&#8220;3&#8243;][\/vc_column][vc_column width=&#8220;1\/3&#8243;][\/vc_column][\/vc_row][vc_row row_height_percent=&#8220;0&#8243; override_padding=&#8220;yes&#8220; h_padding=&#8220;2&#8243; top_padding=&#8220;2&#8243; bottom_padding=&#8220;3&#8243; overlay_alpha=&#8220;50&#8243; gutter_size=&#8220;3&#8243; column_width_percent=&#8220;100&#8243; shift_y=&#8220;0&#8243; z_index=&#8220;0&#8243; el_class=&#8220;header-contact-row&#8220; uncode_shortcode_id=&#8220;492510&#8243;][vc_column column_width_percent=&#8220;100&#8243; position_vertical=&#8220;middle&#8220; gutter_size=&#8220;3&#8243; overlay_alpha=&#8220;50&#8243; shift_x=&#8220;0&#8243; shift_y=&#8220;0&#8243; shift_y_down=&#8220;0&#8243; z_index=&#8220;0&#8243; align_medium=&#8220;align_center_tablet&#8220; medium_width=&#8220;0&#8243; align_mobile=&#8220;align_center_mobile&#8220; mobile_width=&#8220;0&#8243; width=&#8220;2\/3&#8243; uncode_shortcode_id=&#8220;146802&#8243;][vc_button border_width=&#8220;0&#8243; css_animation=&#8220;bottom-t-top&#8220; el_class=&#8220;scroll-down-white&#8220; link=&#8220;url:%23scroll-down|&#8220; uncode_shortcode_id=&#8220;986405&#8243;]Entdecken Sie mehr[\/vc_button][\/vc_column][vc_column column_width_percent=&#8220;100&#8243; gutter_size=&#8220;3&#8243; overlay_alpha=&#8220;50&#8243; shift_x=&#8220;0&#8243; shift_y=&#8220;0&#8243; shift_y_down=&#8220;0&#8243; z_index=&#8220;0&#8243; medium_visibility=&#8220;yes&#8220; medium_width=&#8220;0&#8243; mobile_visibility=&#8220;yes&#8220; mobile_width=&#8220;0&#8243; width=&#8220;1\/3&#8243; uncode_shortcode_id=&#8220;172280&#8243;][vc_row_inner row_inner_height_percent=&#8220;0&#8243; overlay_alpha=&#8220;50&#8243; gutter_size=&#8220;3&#8243; shift_y=&#8220;0&#8243; z_index=&#8220;0&#8243; uncode_shortcode_id=&#8220;141563&#8243; el_class=&#8220;header-contact-box&#8220; limit_content=&#8220;&#8220;][vc_column_inner column_width_percent=&#8220;100&#8243; align_horizontal=&#8220;align_center&#8220; gutter_size=&#8220;3&#8243; overlay_alpha=&#8220;50&#8243; shift_x=&#8220;0&#8243; shift_y=&#8220;0&#8243; shift_y_down=&#8220;0&#8243; z_index=&#8220;0&#8243; medium_width=&#8220;0&#8243; mobile_width=&#8220;0&#8243; width=&#8220;1\/1&#8243; uncode_shortcode_id=&#8220;186020&#8243;][vc_single_image media=&#8220;1688&#8243; media_width_use_pixel=&#8220;yes&#8220; media_ratio=&#8220;one-one&#8220; alignment=&#8220;center&#8220; shape=&#8220;img-circle&#8220; media_width_pixel=&#8220;140&#8243; uncode_shortcode_id=&#8220;453284&#8243;][vc_custom_heading text_color=&#8220;color-486716&#8243; heading_semantic=&#8220;h3&#8243; text_size=&#8220;fontsize-626428&#8243; text_weight=&#8220;700&#8243; uncode_shortcode_id=&#8220;137022&#8243; text_color_type=&#8220;uncode-palette&#8220; el_class=&#8220;margin-top-10&#8243;]Selma[\/vc_custom_heading][vc_column_text text_lead=&#8220;small&#8220; el_class=&#8220;header-contact-function&#8220; uncode_shortcode_id=&#8220;203226&#8243;]Projektleiter[\/vc_column_text][vc_column_text text_lead=&#8220;small&#8220; el_class=&#8220;header-contact-details&#8220; uncode_shortcode_id=&#8220;542642&#8243;]<a href=\"mailto:selma@bolstersoftgoods.com\">selma@bolstersoftgoods.com<\/a><\/p>\n<p>+31 (0)71 204 8423[\/vc_column_text][\/vc_column_inner][\/vc_row_inner][\/vc_column][\/vc_row][vc_row row_height_percent=&#8220;0&#8243; override_padding=&#8220;yes&#8220; h_padding=&#8220;2&#8243; top_padding=&#8220;2&#8243; bottom_padding=&#8220;3&#8243; overlay_alpha=&#8220;50&#8243; gutter_size=&#8220;3&#8243; column_width_use_pixel=&#8220;yes&#8220; shift_y=&#8220;0&#8243; z_index=&#8220;0&#8243; column_width_pixel=&#8220;900&#8243; row_name=&#8220;scroll-down&#8220; uncode_shortcode_id=&#8220;104556&#8243;][vc_column column_width_percent=&#8220;100&#8243; gutter_size=&#8220;3&#8243; overlay_alpha=&#8220;50&#8243; shift_x=&#8220;0&#8243; shift_y=&#8220;0&#8243; shift_y_down=&#8220;0&#8243; z_index=&#8220;0&#8243; medium_width=&#8220;0&#8243; mobile_width=&#8220;0&#8243; css_animation=&#8220;bottom-t-top&#8220; width=&#8220;1\/1&#8243;][vc_custom_heading text_color=&#8220;color-174713&#8243; text_size=&#8220;fontsize-202298&#8243; uncode_shortcode_id=&#8220;185921&#8243; text_color_type=&#8220;uncode-palette&#8220;]Technische Textilien f\u00fcr die Gesundheits- und Medizinbranche[\/vc_custom_heading][vc_column_text uncode_shortcode_id=&#8220;200865&#8243;]<\/p>\n<p style=\"font-weight: 400;\">Der Gesundheits- und Medizinbereich erfordert viel Wissen und Erfahrung in Bezug auf Sicherheit und Zertifizierungen. Die hohen Anforderungen erfordern ein spezialisiertes Team. Unser Team gibt sich alle M\u00fche, Ihr Produkt mit all seinen speziellen Anforderungen zu entwickeln und herzustellen.  <\/p>\n<p style=\"font-weight: 400;\">F\u00fcr die verschiedenen Produkte gelten alle dieselben Anforderungen. Auf Produktebene verf\u00fcgen wir \u00fcber hauseigenes Fachwissen. Lassen Sie uns gemeinsam kreieren!  <\/p>\n<p>[\/vc_column_text][vc_custom_heading text_color=&#8220;color-174713&#8243; heading_semantic=&#8220;h3&#8243; text_size=&#8220;fontsize-224910&#8243; uncode_shortcode_id=&#8220;581851&#8243; text_color_type=&#8220;uncode-palette&#8220;]<\/p>\n<p style=\"font-weight: 400;\"><strong>Entwicklung<\/strong><\/p>\n<p>[\/vc_custom_heading][vc_column_text uncode_shortcode_id=&#8220;111201&#8243;]<\/p>\n<ul>\n<li style=\"font-weight: 400;\">Materialbeschaffung<\/li>\n<li style=\"font-weight: 400;\">Design<\/li>\n<li style=\"font-weight: 400;\">Druck<\/li>\n<li style=\"font-weight: 400;\">Branding<\/li>\n<\/ul>\n<p>[\/vc_column_text][vc_custom_heading text_color=&#8220;color-174713&#8243; heading_semantic=&#8220;h3&#8243; text_size=&#8220;fontsize-224910&#8243; uncode_shortcode_id=&#8220;206990&#8243; text_color_type=&#8220;uncode-palette&#8220;]<\/p>\n<p style=\"font-weight: 400;\"><strong>Zusammenarbeit<\/strong><\/p>\n<p>[\/vc_custom_heading][vc_column_text uncode_shortcode_id=&#8220;630561&#8243;]<\/p>\n<ul>\n<li style=\"font-weight: 400;\">Co-Kreation<\/li>\n<li style=\"font-weight: 400;\">Flexibilit\u00e4t<\/li>\n<li style=\"font-weight: 400;\">Effizienz<\/li>\n<li style=\"font-weight: 400;\">Techniken<\/li>\n<\/ul>\n<p>[\/vc_column_text][\/vc_column][\/vc_row][vc_row row_height_percent=&#8220;0&#8243; override_padding=&#8220;yes&#8220; h_padding=&#8220;2&#8243; top_padding=&#8220;2&#8243; bottom_padding=&#8220;3&#8243; overlay_alpha=&#8220;50&#8243; gutter_size=&#8220;3&#8243; column_width_use_pixel=&#8220;yes&#8220; shift_y=&#8220;0&#8243; z_index=&#8220;0&#8243; column_width_pixel=&#8220;1100&#8243; uncode_shortcode_id=&#8220;134451&#8243;][vc_column column_width_percent=&#8220;100&#8243; gutter_size=&#8220;3&#8243; overlay_alpha=&#8220;50&#8243; shift_x=&#8220;0&#8243; shift_y=&#8220;0&#8243; shift_y_down=&#8220;0&#8243; z_index=&#8220;0&#8243; medium_width=&#8220;0&#8243; mobile_width=&#8220;0&#8243; css_animation=&#8220;bottom-t-top&#8220; width=&#8220;1\/1&#8243;][vc_custom_heading text_color=&#8220;color-174713&#8243; heading_semantic=&#8220;h3&#8243; text_size=&#8220;fontsize-164190&#8243; text_weight=&#8220;600&#8243; uncode_shortcode_id=&#8220;146896&#8243; text_color_type=&#8220;uncode-palette&#8220;]Medizinisches Portfolio[\/vc_custom_heading][uncode_index el_id=&#8220;index-130601&#8243; loop=&#8220;size:2|order_by:date|order:DESC|post_type:portfolio|by_id:1915,2027,1777,2035|taxonomy_count:10&#8243; gutter_size=&#8220;2&#8243; portfolio_items=&#8220;title,media|featured|onpost|original,detail-159383,link|default|default_size|Show project&#8220; screen_lg=&#8220;800&#8243; screen_md=&#8220;600&#8243; screen_sm=&#8220;480&#8243; single_text=&#8220;overlay&#8220; single_width=&#8220;6&#8243; images_size=&#8220;one-one&#8220; single_shape=&#8220;round&#8220; radius=&#8220;std&#8220; single_overlay_opacity=&#8220;50&#8243; single_overlay_visible=&#8220;yes&#8220; single_overlay_anim=&#8220;no&#8220; single_text_visible=&#8220;yes&#8220; single_text_anim=&#8220;no&#8220; single_v_position=&#8220;bottom&#8220; single_padding=&#8220;2&#8243; single_border=&#8220;yes&#8220; no_double_tap=&#8220;yes&#8220; el_class=&#8220;portfolio-box&#8220; offset=&#8220;0&#8243; uncode_shortcode_id=&#8220;968603&#8243;][vc_row_inner row_inner_height_percent=&#8220;0&#8243; overlay_alpha=&#8220;50&#8243; gutter_size=&#8220;3&#8243; shift_y=&#8220;0&#8243; z_index=&#8220;0&#8243; el_class=&#8220;btn-section&#8220; limit_content=&#8220;&#8220;][vc_column_inner column_width_percent=&#8220;100&#8243; align_horizontal=&#8220;align_right&#8220; gutter_size=&#8220;3&#8243; overlay_alpha=&#8220;50&#8243; shift_x=&#8220;0&#8243; shift_y=&#8220;0&#8243; shift_y_down=&#8220;0&#8243; z_index=&#8220;0&#8243; medium_width=&#8220;0&#8243; mobile_width=&#8220;0&#8243; width=&#8220;1\/1&#8243;][vc_button border_width=&#8220;0&#8243; el_class=&#8220;btn-right-white&#8220; link=&#8220;url:https%3A%2F%2Fwww.bolstersoftgoods.com%2Fde%2Fprojekte%2F|title:Portfolio|&#8220; uncode_shortcode_id=&#8220;506920&#8243;]Projekte anzeigen[\/vc_button][\/vc_column_inner][\/vc_row_inner][\/vc_column][\/vc_row][vc_row row_height_percent=&#8220;0&#8243; override_padding=&#8220;yes&#8220; h_padding=&#8220;2&#8243; top_padding=&#8220;3&#8243; bottom_padding=&#8220;3&#8243; overlay_alpha=&#8220;50&#8243; equal_height=&#8220;yes&#8220; gutter_size=&#8220;3&#8243; column_width_use_pixel=&#8220;yes&#8220; shift_y=&#8220;0&#8243; z_index=&#8220;0&#8243; column_width_pixel=&#8220;1000&#8243; uncode_shortcode_id=&#8220;661059&#8243; el_class=&#8220;cta&#8220;][vc_column width=&#8220;1\/3&#8243;][vc_single_image media=&#8220;1688&#8243; media_width_use_pixel=&#8220;yes&#8220; media_ratio=&#8220;one-one&#8220; alignment=&#8220;center&#8220; shape=&#8220;img-circle&#8220; media_width_pixel=&#8220;270&#8243; uncode_shortcode_id=&#8220;601028&#8243;][\/vc_column][vc_column column_width_percent=&#8220;100&#8243; position_vertical=&#8220;middle&#8220; gutter_size=&#8220;3&#8243; overlay_alpha=&#8220;50&#8243; shift_x=&#8220;0&#8243; shift_y=&#8220;0&#8243; shift_y_down=&#8220;0&#8243; z_index=&#8220;0&#8243; medium_width=&#8220;0&#8243; mobile_width=&#8220;0&#8243; width=&#8220;2\/3&#8243; el_class=&#8220;mobile-align-center&#8220; uncode_shortcode_id=&#8220;588087&#8243;][vc_custom_heading text_color=&#8220;color-174713&#8243; heading_semantic=&#8220;h3&#8243; text_size=&#8220;fontsize-626428&#8243; text_weight=&#8220;700&#8243; uncode_shortcode_id=&#8220;191399&#8243; text_color_type=&#8220;uncode-palette&#8220;]Haben Sie noch Fragen?[\/vc_custom_heading][vc_column_text uncode_shortcode_id=&#8220;758299&#8243; el_class=&#8220;cta-content&#8220;]Haben Sie nicht gefunden, wonach Sie gesucht haben? Ich bin hier, um Ihnen zu helfen. Bitte kontaktieren Sie mich.[\/vc_column_text][vc_column_text text_lead=&#8220;small&#8220; el_class=&#8220;cta-contact-details&#8220; uncode_shortcode_id=&#8220;210784&#8243;]<a href=\"mailto:selma@bolstersoftgoods.com\">selma@bolstersoftgoods.com<\/a><\/p>\n<p>+31 (0)71 204 8423[\/vc_column_text][\/vc_column][\/vc_row][vc_row row_height_percent=&#8220;0&#8243; override_padding=&#8220;yes&#8220; h_padding=&#8220;2&#8243; top_padding=&#8220;3&#8243; bottom_padding=&#8220;0&#8243; overlay_alpha=&#8220;50&#8243; gutter_size=&#8220;3&#8243; column_width_percent=&#8220;100&#8243; shift_y=&#8220;0&#8243; z_index=&#8220;0&#8243; el_class=&#8220;industry-related&#8220; uncode_shortcode_id=&#8220;179961&#8243;][vc_column column_width_percent=&#8220;100&#8243; gutter_size=&#8220;3&#8243; overlay_alpha=&#8220;50&#8243; shift_x=&#8220;0&#8243; shift_y=&#8220;0&#8243; shift_y_down=&#8220;0&#8243; z_index=&#8220;0&#8243; medium_width=&#8220;0&#8243; mobile_width=&#8220;0&#8243; css_animation=&#8220;bottom-t-top&#8220; width=&#8220;1\/1&#8243;][vc_custom_heading text_color=&#8220;color-174713&#8243; heading_semantic=&#8220;h3&#8243; text_size=&#8220;fontsize-164190&#8243; text_weight=&#8220;600&#8243; uncode_shortcode_id=&#8220;179098&#8243; text_color_type=&#8220;uncode-palette&#8220;]Andere Industrien[\/vc_custom_heading][uncode_index el_id=&#8220;index-130601&#8243; loop=&#8220;size:2|order_by:date|order:DESC|post_type:page|tax_query:20|taxonomy_count:10&#8243; auto_query=&#8220;yes&#8220; auto_query_type=&#8220;related&#8220; gutter_size=&#8220;2&#8243; page_items=&#8220;media|featured|onpost|original,category|nobg|relative|display-icon,title,text|excerpt,link|default|default_size&#8220; portfolio_items=&#8220;title,media|featured|onpost|original,detail-159383,link|default|default_size|Bekijk project&#8220; screen_lg=&#8220;&#8220; screen_md=&#8220;&#8220; screen_sm=&#8220;800&#8243; single_text=&#8220;overlay&#8220; single_width=&#8220;6&#8243; images_size=&#8220;three-two&#8220; single_shape=&#8220;round&#8220; radius=&#8220;std&#8220; single_overlay_opacity=&#8220;1&#8243; single_overlay_visible=&#8220;yes&#8220; single_overlay_anim=&#8220;no&#8220; single_text_visible=&#8220;yes&#8220; single_text_anim=&#8220;no&#8220; single_v_position=&#8220;bottom&#8220; single_padding=&#8220;2&#8243; single_border=&#8220;yes&#8220; no_double_tap=&#8220;yes&#8220; el_class=&#8220;industry-box&#8220; uncode_shortcode_id=&#8220;132790&#8243;][\/vc_column][\/vc_row]<\/p>\n<\/div>","protected":false},"excerpt":{"rendered":"<p>F\u00fcr die medizinische Industrie<\/p>\n","protected":false},"author":1,"featured_media":1776,"parent":3770,"menu_order":0,"comment_status":"closed","ping_status":"closed","template":"","meta":{"footnotes":""},"yoast_head":"<!-- This site is optimized with the Yoast SEO plugin v22.2 - https:\/\/yoast.com\/wordpress\/plugins\/seo\/ -->\n<title>Health &amp; Medical - Bolster Softgoods<\/title>\n<meta name=\"description\" content=\"Bolster Softgoods has over 18 years of experience in developing and manufacturing a variety of textile products; such as transport and protective covers.\" \/>\n<meta name=\"robots\" content=\"index, follow, max-snippet:-1, max-image-preview:large, max-video-preview:-1\" \/>\n<link rel=\"canonical\" href=\"https:\/\/bolster.staging.legitagency.nl\/de\/industrien\/health-medical\/\" \/>\n<meta property=\"og:locale\" content=\"de_DE\" \/>\n<meta property=\"og:type\" content=\"article\" \/>\n<meta property=\"og:title\" content=\"Health &amp; Medical - Bolster Softgoods\" \/>\n<meta property=\"og:description\" content=\"Bolster Softgoods has over 18 years of experience in developing and manufacturing a variety of textile products; such as transport and protective covers.\" \/>\n<meta property=\"og:url\" content=\"https:\/\/bolster.staging.legitagency.nl\/de\/industrien\/health-medical\/\" \/>\n<meta property=\"og:site_name\" content=\"Bolster Softgoods\" \/>\n<meta property=\"article:modified_time\" content=\"2023-10-30T14:46:34+00:00\" \/>\n<meta property=\"og:image\" content=\"https:\/\/bolster.staging.legitagency.nl\/wp-content\/uploads\/2022\/07\/Tentbed_in_environment_Bolster-Softgood-kopie.jpg\" \/>\n\t<meta property=\"og:image:width\" content=\"1354\" \/>\n\t<meta property=\"og:image:height\" content=\"1291\" \/>\n\t<meta property=\"og:image:type\" content=\"image\/jpeg\" \/>\n<meta name=\"twitter:card\" content=\"summary_large_image\" \/>\n<meta name=\"twitter:label1\" content=\"Gesch\u00e4tzte Lesezeit\" \/>\n\t<meta name=\"twitter:data1\" content=\"6 Minuten\" \/>\n<script type=\"application\/ld+json\" class=\"yoast-schema-graph\">{\"@context\":\"https:\/\/schema.org\",\"@graph\":[{\"@type\":\"WebPage\",\"@id\":\"https:\/\/bolster.staging.legitagency.nl\/de\/industrien\/health-medical\/\",\"url\":\"https:\/\/bolster.staging.legitagency.nl\/de\/industrien\/health-medical\/\",\"name\":\"Health &amp; Medical - Bolster Softgoods\",\"isPartOf\":{\"@id\":\"https:\/\/bolster.staging.legitagency.nl\/de\/#website\"},\"primaryImageOfPage\":{\"@id\":\"https:\/\/bolster.staging.legitagency.nl\/de\/industrien\/health-medical\/#primaryimage\"},\"image\":{\"@id\":\"https:\/\/bolster.staging.legitagency.nl\/de\/industrien\/health-medical\/#primaryimage\"},\"thumbnailUrl\":\"https:\/\/bolster.staging.legitagency.nl\/wp-content\/uploads\/2022\/07\/Tentbed_in_environment_Bolster-Softgood-kopie.jpg\",\"datePublished\":\"2022-05-13T12:20:00+00:00\",\"dateModified\":\"2023-10-30T14:46:34+00:00\",\"description\":\"Bolster Softgoods has over 18 years of experience in developing and manufacturing a variety of textile products; such as transport and protective covers.\",\"breadcrumb\":{\"@id\":\"https:\/\/bolster.staging.legitagency.nl\/de\/industrien\/health-medical\/#breadcrumb\"},\"inLanguage\":\"de-DE\",\"potentialAction\":[{\"@type\":\"ReadAction\",\"target\":[\"https:\/\/bolster.staging.legitagency.nl\/de\/industrien\/health-medical\/\"]}]},{\"@type\":\"ImageObject\",\"inLanguage\":\"de-DE\",\"@id\":\"https:\/\/bolster.staging.legitagency.nl\/de\/industrien\/health-medical\/#primaryimage\",\"url\":\"https:\/\/bolster.staging.legitagency.nl\/wp-content\/uploads\/2022\/07\/Tentbed_in_environment_Bolster-Softgood-kopie.jpg\",\"contentUrl\":\"https:\/\/bolster.staging.legitagency.nl\/wp-content\/uploads\/2022\/07\/Tentbed_in_environment_Bolster-Softgood-kopie.jpg\",\"width\":1354,\"height\":1291},{\"@type\":\"BreadcrumbList\",\"@id\":\"https:\/\/bolster.staging.legitagency.nl\/de\/industrien\/health-medical\/#breadcrumb\",\"itemListElement\":[{\"@type\":\"ListItem\",\"position\":1,\"name\":\"Home\",\"item\":\"https:\/\/bolster.staging.legitagency.nl\/de\/\"},{\"@type\":\"ListItem\",\"position\":2,\"name\":\"Industrien\",\"item\":\"https:\/\/bolster.staging.legitagency.nl\/de\/industrien\/\"},{\"@type\":\"ListItem\",\"position\":3,\"name\":\"Health &amp; Medical\"}]},{\"@type\":\"WebSite\",\"@id\":\"https:\/\/bolster.staging.legitagency.nl\/de\/#website\",\"url\":\"https:\/\/bolster.staging.legitagency.nl\/de\/\",\"name\":\"Bolster Softgoods\",\"description\":\"\",\"publisher\":{\"@id\":\"https:\/\/bolster.staging.legitagency.nl\/de\/#organization\"},\"potentialAction\":[{\"@type\":\"SearchAction\",\"target\":{\"@type\":\"EntryPoint\",\"urlTemplate\":\"https:\/\/bolster.staging.legitagency.nl\/de\/?s={search_term_string}\"},\"query-input\":\"required name=search_term_string\"}],\"inLanguage\":\"de-DE\"},{\"@type\":\"Organization\",\"@id\":\"https:\/\/bolster.staging.legitagency.nl\/de\/#organization\",\"name\":\"Bolster Softgoods B.V.\",\"url\":\"https:\/\/bolster.staging.legitagency.nl\/de\/\",\"logo\":{\"@type\":\"ImageObject\",\"inLanguage\":\"de-DE\",\"@id\":\"https:\/\/bolster.staging.legitagency.nl\/de\/#\/schema\/logo\/image\/\",\"url\":\"https:\/\/www.bolstersoftgoods.com\/wp-content\/uploads\/2021\/01\/Bolster_logo_dark.svg\",\"contentUrl\":\"https:\/\/www.bolstersoftgoods.com\/wp-content\/uploads\/2021\/01\/Bolster_logo_dark.svg\",\"width\":222,\"height\":44,\"caption\":\"Bolster Softgoods B.V.\"},\"image\":{\"@id\":\"https:\/\/bolster.staging.legitagency.nl\/de\/#\/schema\/logo\/image\/\"},\"sameAs\":[\"https:\/\/www.instagram.com\/bolstersoftgoods\/\",\"https:\/\/www.linkedin.com\/company\/bolster-softgoods-b-v\/\",\"https:\/\/nl.pinterest.com\/BolsterSoftgoods\/\"]}]}<\/script>\n<!-- \/ Yoast SEO plugin. -->","yoast_head_json":{"title":"Health &amp; Medical - Bolster Softgoods","description":"Bolster Softgoods has over 18 years of experience in developing and manufacturing a variety of textile products; such as transport and protective covers.","robots":{"index":"index","follow":"follow","max-snippet":"max-snippet:-1","max-image-preview":"max-image-preview:large","max-video-preview":"max-video-preview:-1"},"canonical":"https:\/\/bolster.staging.legitagency.nl\/de\/industrien\/health-medical\/","og_locale":"de_DE","og_type":"article","og_title":"Health &amp; Medical - Bolster Softgoods","og_description":"Bolster Softgoods has over 18 years of experience in developing and manufacturing a variety of textile products; such as transport and protective covers.","og_url":"https:\/\/bolster.staging.legitagency.nl\/de\/industrien\/health-medical\/","og_site_name":"Bolster Softgoods","article_modified_time":"2023-10-30T14:46:34+00:00","og_image":[{"width":1354,"height":1291,"url":"https:\/\/bolster.staging.legitagency.nl\/wp-content\/uploads\/2022\/07\/Tentbed_in_environment_Bolster-Softgood-kopie.jpg","type":"image\/jpeg"}],"twitter_card":"summary_large_image","twitter_misc":{"Gesch\u00e4tzte Lesezeit":"6 Minuten"},"schema":{"@context":"https:\/\/schema.org","@graph":[{"@type":"WebPage","@id":"https:\/\/bolster.staging.legitagency.nl\/de\/industrien\/health-medical\/","url":"https:\/\/bolster.staging.legitagency.nl\/de\/industrien\/health-medical\/","name":"Health &amp; Medical - Bolster Softgoods","isPartOf":{"@id":"https:\/\/bolster.staging.legitagency.nl\/de\/#website"},"primaryImageOfPage":{"@id":"https:\/\/bolster.staging.legitagency.nl\/de\/industrien\/health-medical\/#primaryimage"},"image":{"@id":"https:\/\/bolster.staging.legitagency.nl\/de\/industrien\/health-medical\/#primaryimage"},"thumbnailUrl":"https:\/\/bolster.staging.legitagency.nl\/wp-content\/uploads\/2022\/07\/Tentbed_in_environment_Bolster-Softgood-kopie.jpg","datePublished":"2022-05-13T12:20:00+00:00","dateModified":"2023-10-30T14:46:34+00:00","description":"Bolster Softgoods has over 18 years of experience in developing and manufacturing a variety of textile products; such as transport and protective covers.","breadcrumb":{"@id":"https:\/\/bolster.staging.legitagency.nl\/de\/industrien\/health-medical\/#breadcrumb"},"inLanguage":"de-DE","potentialAction":[{"@type":"ReadAction","target":["https:\/\/bolster.staging.legitagency.nl\/de\/industrien\/health-medical\/"]}]},{"@type":"ImageObject","inLanguage":"de-DE","@id":"https:\/\/bolster.staging.legitagency.nl\/de\/industrien\/health-medical\/#primaryimage","url":"https:\/\/bolster.staging.legitagency.nl\/wp-content\/uploads\/2022\/07\/Tentbed_in_environment_Bolster-Softgood-kopie.jpg","contentUrl":"https:\/\/bolster.staging.legitagency.nl\/wp-content\/uploads\/2022\/07\/Tentbed_in_environment_Bolster-Softgood-kopie.jpg","width":1354,"height":1291},{"@type":"BreadcrumbList","@id":"https:\/\/bolster.staging.legitagency.nl\/de\/industrien\/health-medical\/#breadcrumb","itemListElement":[{"@type":"ListItem","position":1,"name":"Home","item":"https:\/\/bolster.staging.legitagency.nl\/de\/"},{"@type":"ListItem","position":2,"name":"Industrien","item":"https:\/\/bolster.staging.legitagency.nl\/de\/industrien\/"},{"@type":"ListItem","position":3,"name":"Health &amp; Medical"}]},{"@type":"WebSite","@id":"https:\/\/bolster.staging.legitagency.nl\/de\/#website","url":"https:\/\/bolster.staging.legitagency.nl\/de\/","name":"Bolster Softgoods","description":"","publisher":{"@id":"https:\/\/bolster.staging.legitagency.nl\/de\/#organization"},"potentialAction":[{"@type":"SearchAction","target":{"@type":"EntryPoint","urlTemplate":"https:\/\/bolster.staging.legitagency.nl\/de\/?s={search_term_string}"},"query-input":"required name=search_term_string"}],"inLanguage":"de-DE"},{"@type":"Organization","@id":"https:\/\/bolster.staging.legitagency.nl\/de\/#organization","name":"Bolster Softgoods B.V.","url":"https:\/\/bolster.staging.legitagency.nl\/de\/","logo":{"@type":"ImageObject","inLanguage":"de-DE","@id":"https:\/\/bolster.staging.legitagency.nl\/de\/#\/schema\/logo\/image\/","url":"https:\/\/www.bolstersoftgoods.com\/wp-content\/uploads\/2021\/01\/Bolster_logo_dark.svg","contentUrl":"https:\/\/www.bolstersoftgoods.com\/wp-content\/uploads\/2021\/01\/Bolster_logo_dark.svg","width":222,"height":44,"caption":"Bolster Softgoods B.V."},"image":{"@id":"https:\/\/bolster.staging.legitagency.nl\/de\/#\/schema\/logo\/image\/"},"sameAs":["https:\/\/www.instagram.com\/bolstersoftgoods\/","https:\/\/www.linkedin.com\/company\/bolster-softgoods-b-v\/","https:\/\/nl.pinterest.com\/BolsterSoftgoods\/"]}]}},"_links":{"self":[{"href":"https:\/\/bolster.staging.legitagency.nl\/de\/wp-json\/wp\/v2\/pages\/3772"}],"collection":[{"href":"https:\/\/bolster.staging.legitagency.nl\/de\/wp-json\/wp\/v2\/pages"}],"about":[{"href":"https:\/\/bolster.staging.legitagency.nl\/de\/wp-json\/wp\/v2\/types\/page"}],"author":[{"embeddable":true,"href":"https:\/\/bolster.staging.legitagency.nl\/de\/wp-json\/wp\/v2\/users\/1"}],"replies":[{"embeddable":true,"href":"https:\/\/bolster.staging.legitagency.nl\/de\/wp-json\/wp\/v2\/comments?post=3772"}],"version-history":[{"count":2,"href":"https:\/\/bolster.staging.legitagency.nl\/de\/wp-json\/wp\/v2\/pages\/3772\/revisions"}],"predecessor-version":[{"id":3774,"href":"https:\/\/bolster.staging.legitagency.nl\/de\/wp-json\/wp\/v2\/pages\/3772\/revisions\/3774"}],"up":[{"embeddable":true,"href":"https:\/\/bolster.staging.legitagency.nl\/de\/wp-json\/wp\/v2\/pages\/3770"}],"wp:featuredmedia":[{"embeddable":true,"href":"https:\/\/bolster.staging.legitagency.nl\/de\/wp-json\/wp\/v2\/media\/1776"}],"wp:attachment":[{"href":"https:\/\/bolster.staging.legitagency.nl\/de\/wp-json\/wp\/v2\/media?parent=3772"}],"curies":[{"name":"wp","href":"https:\/\/api.w.org\/{rel}","templated":true}]}}