{"id":3770,"date":"2022-05-13T13:49:30","date_gmt":"2022-05-13T11:49:30","guid":{"rendered":"https:\/\/www.bolstersoftgoods.com\/industrien\/"},"modified":"2023-10-30T15:43:01","modified_gmt":"2023-10-30T14:43:01","slug":"industrien","status":"publish","type":"page","link":"https:\/\/bolster.staging.legitagency.nl\/de\/industrien\/","title":{"rendered":"Industrien"},"content":{"rendered":"<div class=\"wpb-content-wrapper\"><p>[vc_row row_height_percent=&#8220;100&#8243; overlay_alpha=&#8220;50&#8243; gutter_size=&#8220;3&#8243; column_width_percent=&#8220;100&#8243; shift_y=&#8220;0&#8243; z_index=&#8220;0&#8243; uncode_shortcode_id=&#8220;198167&#8243;][vc_column column_width_percent=&#8220;100&#8243; position_vertical=&#8220;middle&#8220; gutter_size=&#8220;3&#8243; overlay_alpha=&#8220;50&#8243; shift_x=&#8220;0&#8243; shift_y=&#8220;0&#8243; shift_y_down=&#8220;0&#8243; z_index=&#8220;0&#8243; medium_width=&#8220;0&#8243; mobile_width=&#8220;0&#8243; width=&#8220;1\/1&#8243; uncode_shortcode_id=&#8220;135610&#8243;][vc_custom_heading text_color=&#8220;color-174713&#8243; text_size=&#8220;fontsize-202298&#8243; uncode_shortcode_id=&#8220;852824&#8243; text_color_type=&#8220;uncode-palette&#8220;]Industrien[\/vc_custom_heading][vc_column_text uncode_shortcode_id=&#8220;212012&#8243; el_class=&#8220;industries-intro&#8220;]<\/p>\n<p style=\"font-weight: 400;\">In unseren Fachbereichen verf\u00fcgen wir \u00fcber umfangreiche Erfahrung und Kenntnisse in Bezug auf technische Textill\u00f6sungen. Ob es nun um beispielsweise Anforderungen an die Feuerwiderstandsf\u00e4higkeit von Stadionsitzen, Zertifizierung der Hautvertr\u00e4glichkeit von Medizinprodukten oder Anforderungen an die antistatischen Eigenschaften von Stoffen f\u00fcr Schwei\u00dferanz\u00fcge geht \u2013 unser fachkundiger Produktspezialist h\u00e4lt uns \u00fcber jegliche \u00c4nderung der geltenden Vorgaben auf dem Laufenden.  <\/p>\n<p>[\/vc_column_text][vc_row_inner row_inner_height_percent=&#8220;0&#8243; overlay_alpha=&#8220;50&#8243; gutter_size=&#8220;3&#8243; shift_y=&#8220;0&#8243; z_index=&#8220;0&#8243; limit_content=&#8220;&#8220; uncode_shortcode_id=&#8220;785592&#8243;][vc_column_inner width=&#8220;1\/1&#8243;][uncode_index el_id=&#8220;index-130601&#8243; loop=&#8220;size:all|order_by:date|order:DESC|post_type:page|tax_query:20|taxonomy_count:10&#8243; gutter_size=&#8220;2&#8243; page_items=&#8220;media|featured|onpost|original,category|nobg|relative|display-icon,title,text|excerpt,link|default|default_size&#8220; portfolio_items=&#8220;title,media|featured|onpost|original,detail-159383,link|default|default_size|Bekijk project&#8220; screen_lg=&#8220;&#8220; screen_md=&#8220;&#8220; screen_sm=&#8220;800&#8243; single_text=&#8220;overlay&#8220; images_size=&#8220;one-one&#8220; single_shape=&#8220;round&#8220; radius=&#8220;std&#8220; single_overlay_opacity=&#8220;1&#8243; single_overlay_visible=&#8220;yes&#8220; single_overlay_anim=&#8220;no&#8220; single_text_visible=&#8220;yes&#8220; single_text_anim=&#8220;no&#8220; single_v_position=&#8220;bottom&#8220; single_padding=&#8220;2&#8243; single_border=&#8220;yes&#8220; no_double_tap=&#8220;yes&#8220; el_class=&#8220;industry-box&#8220; uncode_shortcode_id=&#8220;187269&#8243;][\/vc_column_inner][\/vc_row_inner][\/vc_column][\/vc_row][vc_row row_height_percent=&#8220;0&#8243; override_padding=&#8220;yes&#8220; h_padding=&#8220;2&#8243; top_padding=&#8220;3&#8243; bottom_padding=&#8220;5&#8243; overlay_alpha=&#8220;50&#8243; equal_height=&#8220;yes&#8220; gutter_size=&#8220;3&#8243; column_width_use_pixel=&#8220;yes&#8220; shift_y=&#8220;0&#8243; z_index=&#8220;0&#8243; column_width_pixel=&#8220;1000&#8243; uncode_shortcode_id=&#8220;172729&#8243; el_class=&#8220;cta&#8220;][vc_column width=&#8220;1\/3&#8243;][vc_single_image media=&#8220;1688&#8243; media_width_use_pixel=&#8220;yes&#8220; media_ratio=&#8220;one-one&#8220; alignment=&#8220;center&#8220; shape=&#8220;img-circle&#8220; media_width_pixel=&#8220;270&#8243; uncode_shortcode_id=&#8220;173959&#8243;][\/vc_column][vc_column column_width_percent=&#8220;100&#8243; position_vertical=&#8220;middle&#8220; gutter_size=&#8220;3&#8243; overlay_alpha=&#8220;50&#8243; shift_x=&#8220;0&#8243; shift_y=&#8220;0&#8243; shift_y_down=&#8220;0&#8243; z_index=&#8220;0&#8243; medium_width=&#8220;0&#8243; mobile_width=&#8220;0&#8243; width=&#8220;2\/3&#8243; el_class=&#8220;mobile-align-center&#8220; uncode_shortcode_id=&#8220;588087&#8243;][vc_custom_heading text_color=&#8220;color-174713&#8243; heading_semantic=&#8220;h3&#8243; text_size=&#8220;fontsize-626428&#8243; text_weight=&#8220;700&#8243; uncode_shortcode_id=&#8220;191399&#8243; text_color_type=&#8220;uncode-palette&#8220;]Haben Sie noch Fragen?[\/vc_custom_heading][vc_column_text uncode_shortcode_id=&#8220;758299&#8243; el_class=&#8220;cta-content&#8220;]Haben Sie nicht gefunden, wonach Sie gesucht haben? Ich bin hier, um Ihnen zu helfen. Bitte kontaktieren Sie mich.[\/vc_column_text][vc_column_text text_lead=&#8220;small&#8220; el_class=&#8220;cta-contact-details&#8220; uncode_shortcode_id=&#8220;175187&#8243;]<a href=\"mailto:selma@bolstersoftgoods.com\">selma@bolstersoftgoods.com<\/a><\/p>\n<p>+31 (0)71 204 8423[\/vc_column_text][\/vc_column][\/vc_row]<\/p>\n<\/div>","protected":false},"excerpt":{"rendered":"<p>[vc_row row_height_percent=&#8220;100&#8243; overlay_alpha=&#8220;50&#8243; gutter_size=&#8220;3&#8243; column_width_percent=&#8220;100&#8243; shift_y=&#8220;0&#8243; z_index=&#8220;0&#8243; uncode_shortcode_id=&#8220;198167&#8243;][vc_column column_width_percent=&#8220;100&#8243; position_vertical=&#8220;middle&#8220; gutter_size=&#8220;3&#8243; overlay_alpha=&#8220;50&#8243; shift_x=&#8220;0&#8243; shift_y=&#8220;0&#8243; shift_y_down=&#8220;0&#8243; z_index=&#8220;0&#8243; medium_width=&#8220;0&#8243; mobile_width=&#8220;0&#8243; width=&#8220;1\/1&#8243; uncode_shortcode_id=&#8220;135610&#8243;][vc_custom_heading [&hellip;]<\/p>\n","protected":false},"author":1,"featured_media":0,"parent":0,"menu_order":0,"comment_status":"closed","ping_status":"closed","template":"","meta":{"footnotes":""},"yoast_head":"<!-- This site is optimized with the Yoast SEO plugin v22.2 - https:\/\/yoast.com\/wordpress\/plugins\/seo\/ -->\n<title>Industrien - Bolster Softgoods<\/title>\n<meta name=\"description\" content=\"Bolster Softgoods has over 18 years of experience in developing and manufacturing a variety of textile products; such as transport and protective covers.\" \/>\n<meta name=\"robots\" content=\"index, follow, max-snippet:-1, max-image-preview:large, max-video-preview:-1\" \/>\n<link rel=\"canonical\" href=\"https:\/\/bolster.staging.legitagency.nl\/de\/industrien\/\" \/>\n<meta property=\"og:locale\" content=\"de_DE\" \/>\n<meta property=\"og:type\" content=\"article\" \/>\n<meta property=\"og:title\" content=\"Industrien - Bolster Softgoods\" \/>\n<meta property=\"og:description\" content=\"Bolster Softgoods has over 18 years of experience in developing and manufacturing a variety of textile products; such as transport and protective covers.\" \/>\n<meta property=\"og:url\" content=\"https:\/\/bolster.staging.legitagency.nl\/de\/industrien\/\" \/>\n<meta property=\"og:site_name\" content=\"Bolster Softgoods\" \/>\n<meta property=\"article:modified_time\" content=\"2023-10-30T14:43:01+00:00\" \/>\n<meta name=\"twitter:card\" content=\"summary_large_image\" \/>\n<meta name=\"twitter:label1\" content=\"Gesch\u00e4tzte Lesezeit\" \/>\n\t<meta name=\"twitter:data1\" content=\"2 Minuten\" \/>\n<script type=\"application\/ld+json\" class=\"yoast-schema-graph\">{\"@context\":\"https:\/\/schema.org\",\"@graph\":[{\"@type\":\"WebPage\",\"@id\":\"https:\/\/bolster.staging.legitagency.nl\/de\/industrien\/\",\"url\":\"https:\/\/bolster.staging.legitagency.nl\/de\/industrien\/\",\"name\":\"Industrien - Bolster Softgoods\",\"isPartOf\":{\"@id\":\"https:\/\/bolster.staging.legitagency.nl\/de\/#website\"},\"datePublished\":\"2022-05-13T11:49:30+00:00\",\"dateModified\":\"2023-10-30T14:43:01+00:00\",\"description\":\"Bolster Softgoods has over 18 years of experience in developing and manufacturing a variety of textile products; such as transport and protective covers.\",\"breadcrumb\":{\"@id\":\"https:\/\/bolster.staging.legitagency.nl\/de\/industrien\/#breadcrumb\"},\"inLanguage\":\"de-DE\",\"potentialAction\":[{\"@type\":\"ReadAction\",\"target\":[\"https:\/\/bolster.staging.legitagency.nl\/de\/industrien\/\"]}]},{\"@type\":\"BreadcrumbList\",\"@id\":\"https:\/\/bolster.staging.legitagency.nl\/de\/industrien\/#breadcrumb\",\"itemListElement\":[{\"@type\":\"ListItem\",\"position\":1,\"name\":\"Home\",\"item\":\"https:\/\/bolster.staging.legitagency.nl\/de\/\"},{\"@type\":\"ListItem\",\"position\":2,\"name\":\"Industrien\"}]},{\"@type\":\"WebSite\",\"@id\":\"https:\/\/bolster.staging.legitagency.nl\/de\/#website\",\"url\":\"https:\/\/bolster.staging.legitagency.nl\/de\/\",\"name\":\"Bolster Softgoods\",\"description\":\"\",\"publisher\":{\"@id\":\"https:\/\/bolster.staging.legitagency.nl\/de\/#organization\"},\"potentialAction\":[{\"@type\":\"SearchAction\",\"target\":{\"@type\":\"EntryPoint\",\"urlTemplate\":\"https:\/\/bolster.staging.legitagency.nl\/de\/?s={search_term_string}\"},\"query-input\":\"required name=search_term_string\"}],\"inLanguage\":\"de-DE\"},{\"@type\":\"Organization\",\"@id\":\"https:\/\/bolster.staging.legitagency.nl\/de\/#organization\",\"name\":\"Bolster Softgoods B.V.\",\"url\":\"https:\/\/bolster.staging.legitagency.nl\/de\/\",\"logo\":{\"@type\":\"ImageObject\",\"inLanguage\":\"de-DE\",\"@id\":\"https:\/\/bolster.staging.legitagency.nl\/de\/#\/schema\/logo\/image\/\",\"url\":\"https:\/\/www.bolstersoftgoods.com\/wp-content\/uploads\/2021\/01\/Bolster_logo_dark.svg\",\"contentUrl\":\"https:\/\/www.bolstersoftgoods.com\/wp-content\/uploads\/2021\/01\/Bolster_logo_dark.svg\",\"width\":222,\"height\":44,\"caption\":\"Bolster Softgoods B.V.\"},\"image\":{\"@id\":\"https:\/\/bolster.staging.legitagency.nl\/de\/#\/schema\/logo\/image\/\"},\"sameAs\":[\"https:\/\/www.instagram.com\/bolstersoftgoods\/\",\"https:\/\/www.linkedin.com\/company\/bolster-softgoods-b-v\/\",\"https:\/\/nl.pinterest.com\/BolsterSoftgoods\/\"]}]}<\/script>\n<!-- \/ Yoast SEO plugin. -->","yoast_head_json":{"title":"Industrien - Bolster Softgoods","description":"Bolster Softgoods has over 18 years of experience in developing and manufacturing a variety of textile products; such as transport and protective covers.","robots":{"index":"index","follow":"follow","max-snippet":"max-snippet:-1","max-image-preview":"max-image-preview:large","max-video-preview":"max-video-preview:-1"},"canonical":"https:\/\/bolster.staging.legitagency.nl\/de\/industrien\/","og_locale":"de_DE","og_type":"article","og_title":"Industrien - Bolster Softgoods","og_description":"Bolster Softgoods has over 18 years of experience in developing and manufacturing a variety of textile products; such as transport and protective covers.","og_url":"https:\/\/bolster.staging.legitagency.nl\/de\/industrien\/","og_site_name":"Bolster Softgoods","article_modified_time":"2023-10-30T14:43:01+00:00","twitter_card":"summary_large_image","twitter_misc":{"Gesch\u00e4tzte Lesezeit":"2 Minuten"},"schema":{"@context":"https:\/\/schema.org","@graph":[{"@type":"WebPage","@id":"https:\/\/bolster.staging.legitagency.nl\/de\/industrien\/","url":"https:\/\/bolster.staging.legitagency.nl\/de\/industrien\/","name":"Industrien - Bolster Softgoods","isPartOf":{"@id":"https:\/\/bolster.staging.legitagency.nl\/de\/#website"},"datePublished":"2022-05-13T11:49:30+00:00","dateModified":"2023-10-30T14:43:01+00:00","description":"Bolster Softgoods has over 18 years of experience in developing and manufacturing a variety of textile products; such as transport and protective covers.","breadcrumb":{"@id":"https:\/\/bolster.staging.legitagency.nl\/de\/industrien\/#breadcrumb"},"inLanguage":"de-DE","potentialAction":[{"@type":"ReadAction","target":["https:\/\/bolster.staging.legitagency.nl\/de\/industrien\/"]}]},{"@type":"BreadcrumbList","@id":"https:\/\/bolster.staging.legitagency.nl\/de\/industrien\/#breadcrumb","itemListElement":[{"@type":"ListItem","position":1,"name":"Home","item":"https:\/\/bolster.staging.legitagency.nl\/de\/"},{"@type":"ListItem","position":2,"name":"Industrien"}]},{"@type":"WebSite","@id":"https:\/\/bolster.staging.legitagency.nl\/de\/#website","url":"https:\/\/bolster.staging.legitagency.nl\/de\/","name":"Bolster Softgoods","description":"","publisher":{"@id":"https:\/\/bolster.staging.legitagency.nl\/de\/#organization"},"potentialAction":[{"@type":"SearchAction","target":{"@type":"EntryPoint","urlTemplate":"https:\/\/bolster.staging.legitagency.nl\/de\/?s={search_term_string}"},"query-input":"required name=search_term_string"}],"inLanguage":"de-DE"},{"@type":"Organization","@id":"https:\/\/bolster.staging.legitagency.nl\/de\/#organization","name":"Bolster Softgoods B.V.","url":"https:\/\/bolster.staging.legitagency.nl\/de\/","logo":{"@type":"ImageObject","inLanguage":"de-DE","@id":"https:\/\/bolster.staging.legitagency.nl\/de\/#\/schema\/logo\/image\/","url":"https:\/\/www.bolstersoftgoods.com\/wp-content\/uploads\/2021\/01\/Bolster_logo_dark.svg","contentUrl":"https:\/\/www.bolstersoftgoods.com\/wp-content\/uploads\/2021\/01\/Bolster_logo_dark.svg","width":222,"height":44,"caption":"Bolster Softgoods B.V."},"image":{"@id":"https:\/\/bolster.staging.legitagency.nl\/de\/#\/schema\/logo\/image\/"},"sameAs":["https:\/\/www.instagram.com\/bolstersoftgoods\/","https:\/\/www.linkedin.com\/company\/bolster-softgoods-b-v\/","https:\/\/nl.pinterest.com\/BolsterSoftgoods\/"]}]}},"_links":{"self":[{"href":"https:\/\/bolster.staging.legitagency.nl\/de\/wp-json\/wp\/v2\/pages\/3770"}],"collection":[{"href":"https:\/\/bolster.staging.legitagency.nl\/de\/wp-json\/wp\/v2\/pages"}],"about":[{"href":"https:\/\/bolster.staging.legitagency.nl\/de\/wp-json\/wp\/v2\/types\/page"}],"author":[{"embeddable":true,"href":"https:\/\/bolster.staging.legitagency.nl\/de\/wp-json\/wp\/v2\/users\/1"}],"replies":[{"embeddable":true,"href":"https:\/\/bolster.staging.legitagency.nl\/de\/wp-json\/wp\/v2\/comments?post=3770"}],"version-history":[{"count":1,"href":"https:\/\/bolster.staging.legitagency.nl\/de\/wp-json\/wp\/v2\/pages\/3770\/revisions"}],"predecessor-version":[{"id":3771,"href":"https:\/\/bolster.staging.legitagency.nl\/de\/wp-json\/wp\/v2\/pages\/3770\/revisions\/3771"}],"wp:attachment":[{"href":"https:\/\/bolster.staging.legitagency.nl\/de\/wp-json\/wp\/v2\/media?parent=3770"}],"curies":[{"name":"wp","href":"https:\/\/api.w.org\/{rel}","templated":true}]}}