{"id":3189,"date":"2021-01-15T10:41:31","date_gmt":"2021-01-15T09:41:31","guid":{"rendered":"https:\/\/www.bolstersoftgoods.com\/projekte\/"},"modified":"2023-10-13T15:47:30","modified_gmt":"2023-10-13T13:47:30","slug":"projekte","status":"publish","type":"page","link":"https:\/\/bolster.staging.legitagency.nl\/de\/projekte\/","title":{"rendered":"Projekte"},"content":{"rendered":"<div class=\"wpb-content-wrapper\"><p>[vc_row row_height_percent=&#8220;100&#8243; back_image=&#8220;571&#8243; back_position=&#8220;center top&#8220; overlay_color=&#8220;color-jevc&#8220; overlay_alpha=&#8220;25&#8243; gutter_size=&#8220;3&#8243; column_width_use_pixel=&#8220;yes&#8220; shift_y=&#8220;0&#8243; z_index=&#8220;0&#8243; el_class=&#8220;header-projecten&#8220; column_width_pixel=&#8220;1100&#8243;][vc_column column_width_percent=&#8220;100&#8243; position_vertical=&#8220;middle&#8220; align_horizontal=&#8220;align_center&#8220; gutter_size=&#8220;3&#8243; overlay_alpha=&#8220;50&#8243; shift_x=&#8220;0&#8243; shift_y=&#8220;0&#8243; shift_y_down=&#8220;0&#8243; z_index=&#8220;0&#8243; medium_width=&#8220;0&#8243; mobile_width=&#8220;0&#8243; width=&#8220;1\/1&#8243;][vc_custom_heading text_color=&#8220;color-174713&#8243; heading_semantic=&#8220;h1&#8243; text_size=&#8220;fontsize-478981&#8243; text_weight=&#8220;900&#8243; el_class=&#8220;page-headline&#8220; uncode_shortcode_id=&#8220;191430&#8243; text_color_type=&#8220;uncode-palette&#8220;]Unsere Projekte[\/vc_custom_heading][vc_column_text el_class=&#8220;page-intro&#8220; uncode_shortcode_id=&#8220;204097&#8243;]<\/p>\n<p style=\"font-weight: 400;\">F\u00fcr jede textile Herausforderung haben wir eine ma\u00dfgeschneiderte L\u00f6sung.<\/p>\n<p>[\/vc_column_text][\/vc_column][\/vc_row][vc_row row_height_percent=&#8220;0&#8243; override_padding=&#8220;yes&#8220; h_padding=&#8220;2&#8243; top_padding=&#8220;0&#8243; bottom_padding=&#8220;2&#8243; overlay_alpha=&#8220;50&#8243; gutter_size=&#8220;3&#8243; column_width_use_pixel=&#8220;yes&#8220; shift_y=&#8220;0&#8243; z_index=&#8220;0&#8243; medium_visibility=&#8220;yes&#8220; mobile_visibility=&#8220;yes&#8220; column_width_pixel=&#8220;1100&#8243; el_class=&#8220;projects-section-one&#8220;][vc_column column_width_percent=&#8220;100&#8243; align_horizontal=&#8220;align_center&#8220; gutter_size=&#8220;3&#8243; overlay_alpha=&#8220;50&#8243; shift_x=&#8220;0&#8243; shift_y=&#8220;0&#8243; shift_y_down=&#8220;0&#8243; z_index=&#8220;0&#8243; medium_width=&#8220;0&#8243; mobile_width=&#8220;0&#8243; width=&#8220;1\/1&#8243;][uncode_index el_id=&#8220;index-130601&#8243; loop=&#8220;size:1|order_by:date|order:DESC|post_type:portfolio|taxonomy_count:10&#8243; gutter_size=&#8220;2&#8243; portfolio_items=&#8220;title,media|featured|onpost|original,detail-159383,text|excerpt,link|default|default_size|Show project&#8220; screen_lg=&#8220;800&#8243; screen_md=&#8220;600&#8243; screen_sm=&#8220;480&#8243; single_text=&#8220;overlay&#8220; single_width=&#8220;12&#8243; images_size=&#8220;twentyone-nine&#8220; single_shape=&#8220;round&#8220; radius=&#8220;std&#8220; single_overlay_opacity=&#8220;50&#8243; single_overlay_visible=&#8220;yes&#8220; single_overlay_anim=&#8220;no&#8220; single_text_visible=&#8220;yes&#8220; single_text_anim=&#8220;no&#8220; single_v_position=&#8220;bottom&#8220; single_padding=&#8220;2&#8243; single_border=&#8220;yes&#8220; no_double_tap=&#8220;yes&#8220; el_class=&#8220;portfolio-box uitgelicht&#8220; uncode_shortcode_id=&#8220;358400&#8243;][\/vc_column][\/vc_row][vc_row row_height_percent=&#8220;0&#8243; override_padding=&#8220;yes&#8220; h_padding=&#8220;2&#8243; top_padding=&#8220;2&#8243; bottom_padding=&#8220;5&#8243; overlay_alpha=&#8220;50&#8243; gutter_size=&#8220;3&#8243; column_width_percent=&#8220;100&#8243; shift_y=&#8220;0&#8243; z_index=&#8220;0&#8243; desktop_visibility=&#8220;yes&#8220; el_class=&#8220;section-scroll-down-two&#8220;][vc_column column_width_percent=&#8220;100&#8243; align_horizontal=&#8220;align_center&#8220; gutter_size=&#8220;3&#8243; overlay_alpha=&#8220;50&#8243; shift_x=&#8220;0&#8243; shift_y=&#8220;0&#8243; shift_y_down=&#8220;0&#8243; z_index=&#8220;0&#8243; medium_width=&#8220;0&#8243; mobile_width=&#8220;0&#8243; width=&#8220;1\/1&#8243;][vc_button border_width=&#8220;0&#8243; css_animation=&#8220;bottom-t-top&#8220; el_class=&#8220;scroll-down-white&#8220; link=&#8220;url:%23scroll-down|&#8220; uncode_shortcode_id=&#8220;134593&#8243;]Entdecken Sie mehr[\/vc_button][\/vc_column][\/vc_row][vc_row row_height_percent=&#8220;0&#8243; override_padding=&#8220;yes&#8220; h_padding=&#8220;2&#8243; top_padding=&#8220;2&#8243; bottom_padding=&#8220;3&#8243; overlay_alpha=&#8220;50&#8243; gutter_size=&#8220;3&#8243; column_width_use_pixel=&#8220;yes&#8220; shift_y=&#8220;0&#8243; z_index=&#8220;0&#8243; medium_visibility=&#8220;yes&#8220; mobile_visibility=&#8220;yes&#8220; column_width_pixel=&#8220;1100&#8243;][vc_column column_width_percent=&#8220;100&#8243; align_horizontal=&#8220;align_center&#8220; gutter_size=&#8220;3&#8243; overlay_alpha=&#8220;50&#8243; shift_x=&#8220;0&#8243; shift_y=&#8220;0&#8243; shift_y_down=&#8220;0&#8243; z_index=&#8220;0&#8243; medium_width=&#8220;0&#8243; mobile_width=&#8220;0&#8243; css_animation=&#8220;bottom-t-top&#8220; width=&#8220;1\/1&#8243;][uncode_index el_id=&#8220;index-130601&#8243; loop=&#8220;size:all|order_by:date|order:DESC|post_type:portfolio|taxonomy_count:10&#8243; filtering=&#8220;yes&#8220; infinite=&#8220;yes&#8220; infinite_button=&#8220;yes&#8220; gutter_size=&#8220;2&#8243; portfolio_items=&#8220;title,media|featured|onpost|original,detail-159383,text|excerpt,link|default|default_size|Show project&#8220; screen_lg=&#8220;800&#8243; screen_md=&#8220;600&#8243; screen_sm=&#8220;480&#8243; single_text=&#8220;overlay&#8220; single_width=&#8220;6&#8243; images_size=&#8220;one-one&#8220; single_shape=&#8220;round&#8220; radius=&#8220;std&#8220; single_overlay_opacity=&#8220;50&#8243; single_overlay_visible=&#8220;yes&#8220; single_overlay_anim=&#8220;no&#8220; single_text_visible=&#8220;yes&#8220; single_text_anim=&#8220;no&#8220; single_v_position=&#8220;bottom&#8220; single_padding=&#8220;2&#8243; single_border=&#8220;yes&#8220; no_double_tap=&#8220;yes&#8220; el_class=&#8220;portfolio-box&#8220; uncode_shortcode_id=&#8220;101645&#8243;][\/vc_column][\/vc_row][vc_row row_height_percent=&#8220;0&#8243; override_padding=&#8220;yes&#8220; h_padding=&#8220;2&#8243; top_padding=&#8220;2&#8243; bottom_padding=&#8220;3&#8243; overlay_alpha=&#8220;50&#8243; gutter_size=&#8220;3&#8243; column_width_use_pixel=&#8220;yes&#8220; shift_y=&#8220;0&#8243; z_index=&#8220;0&#8243; desktop_visibility=&#8220;yes&#8220; column_width_pixel=&#8220;1100&#8243; row_name=&#8220;scroll-down&#8220;][vc_column column_width_percent=&#8220;100&#8243; align_horizontal=&#8220;align_center&#8220; gutter_size=&#8220;3&#8243; overlay_alpha=&#8220;50&#8243; shift_x=&#8220;0&#8243; shift_y=&#8220;0&#8243; shift_y_down=&#8220;0&#8243; z_index=&#8220;0&#8243; medium_width=&#8220;0&#8243; mobile_width=&#8220;0&#8243; css_animation=&#8220;bottom-t-top&#8220; width=&#8220;1\/1&#8243;][uncode_index el_id=&#8220;index-130601&#8243; loop=&#8220;order_by:date|order:DESC|post_type:portfolio|taxonomy_count:10&#8243; filtering=&#8220;yes&#8220; gutter_size=&#8220;2&#8243; portfolio_items=&#8220;title,media|featured|onpost|original,detail-159383,text|excerpt,link|default|default_size|Show project&#8220; screen_lg=&#8220;800&#8243; screen_md=&#8220;600&#8243; screen_sm=&#8220;480&#8243; single_text=&#8220;overlay&#8220; single_width=&#8220;6&#8243; images_size=&#8220;one-one&#8220; single_shape=&#8220;round&#8220; radius=&#8220;std&#8220; single_overlay_opacity=&#8220;50&#8243; single_overlay_visible=&#8220;yes&#8220; single_overlay_anim=&#8220;no&#8220; single_text_visible=&#8220;yes&#8220; single_text_anim=&#8220;no&#8220; single_v_position=&#8220;bottom&#8220; single_padding=&#8220;2&#8243; single_border=&#8220;yes&#8220; no_double_tap=&#8220;yes&#8220; el_class=&#8220;portfolio-box&#8220; uncode_shortcode_id=&#8220;851851&#8243;][\/vc_column][\/vc_row][vc_row][vc_column width=&#8220;1\/1&#8243;][\/vc_column][\/vc_row]<\/p>\n<\/div>","protected":false},"excerpt":{"rendered":"<p>[vc_row row_height_percent=&#8220;100&#8243; back_image=&#8220;571&#8243; back_position=&#8220;center top&#8220; overlay_color=&#8220;color-jevc&#8220; overlay_alpha=&#8220;25&#8243; gutter_size=&#8220;3&#8243; column_width_use_pixel=&#8220;yes&#8220; shift_y=&#8220;0&#8243; z_index=&#8220;0&#8243; el_class=&#8220;header-projecten&#8220; column_width_pixel=&#8220;1100&#8243;][vc_column column_width_percent=&#8220;100&#8243; position_vertical=&#8220;middle&#8220; align_horizontal=&#8220;align_center&#8220; gutter_size=&#8220;3&#8243; overlay_alpha=&#8220;50&#8243; shift_x=&#8220;0&#8243; shift_y=&#8220;0&#8243; [&hellip;]<\/p>\n","protected":false},"author":1,"featured_media":0,"parent":0,"menu_order":0,"comment_status":"closed","ping_status":"closed","template":"","meta":{"footnotes":""},"yoast_head":"<!-- This site is optimized with the Yoast SEO plugin v22.2 - https:\/\/yoast.com\/wordpress\/plugins\/seo\/ -->\n<title>Projekte - Bolster Softgoods<\/title>\n<meta name=\"description\" content=\"Bolster Softgoods has over 18 years of experience in developing and manufacturing a variety of textile products; such as transport and protective covers.\" \/>\n<meta name=\"robots\" content=\"index, follow, max-snippet:-1, max-image-preview:large, max-video-preview:-1\" \/>\n<link rel=\"canonical\" href=\"https:\/\/bolster.staging.legitagency.nl\/de\/projekte\/\" \/>\n<meta property=\"og:locale\" content=\"de_DE\" \/>\n<meta property=\"og:type\" content=\"article\" \/>\n<meta property=\"og:title\" content=\"Projekte - Bolster Softgoods\" \/>\n<meta property=\"og:description\" content=\"Bolster Softgoods has over 18 years of experience in developing and manufacturing a variety of textile products; such as transport and protective covers.\" \/>\n<meta property=\"og:url\" content=\"https:\/\/bolster.staging.legitagency.nl\/de\/projekte\/\" \/>\n<meta property=\"og:site_name\" content=\"Bolster Softgoods\" \/>\n<meta property=\"article:modified_time\" content=\"2023-10-13T13:47:30+00:00\" \/>\n<meta name=\"twitter:card\" content=\"summary_large_image\" \/>\n<meta name=\"twitter:label1\" content=\"Gesch\u00e4tzte Lesezeit\" \/>\n\t<meta name=\"twitter:data1\" content=\"4 Minuten\" \/>\n<script type=\"application\/ld+json\" class=\"yoast-schema-graph\">{\"@context\":\"https:\/\/schema.org\",\"@graph\":[{\"@type\":\"WebPage\",\"@id\":\"https:\/\/bolster.staging.legitagency.nl\/de\/projekte\/\",\"url\":\"https:\/\/bolster.staging.legitagency.nl\/de\/projekte\/\",\"name\":\"Projekte - Bolster Softgoods\",\"isPartOf\":{\"@id\":\"https:\/\/bolster.staging.legitagency.nl\/de\/#website\"},\"datePublished\":\"2021-01-15T09:41:31+00:00\",\"dateModified\":\"2023-10-13T13:47:30+00:00\",\"description\":\"Bolster Softgoods has over 18 years of experience in developing and manufacturing a variety of textile products; such as transport and protective covers.\",\"breadcrumb\":{\"@id\":\"https:\/\/bolster.staging.legitagency.nl\/de\/projekte\/#breadcrumb\"},\"inLanguage\":\"de-DE\",\"potentialAction\":[{\"@type\":\"ReadAction\",\"target\":[\"https:\/\/bolster.staging.legitagency.nl\/de\/projekte\/\"]}]},{\"@type\":\"BreadcrumbList\",\"@id\":\"https:\/\/bolster.staging.legitagency.nl\/de\/projekte\/#breadcrumb\",\"itemListElement\":[{\"@type\":\"ListItem\",\"position\":1,\"name\":\"Home\",\"item\":\"https:\/\/bolster.staging.legitagency.nl\/de\/\"},{\"@type\":\"ListItem\",\"position\":2,\"name\":\"Projekte\"}]},{\"@type\":\"WebSite\",\"@id\":\"https:\/\/bolster.staging.legitagency.nl\/de\/#website\",\"url\":\"https:\/\/bolster.staging.legitagency.nl\/de\/\",\"name\":\"Bolster Softgoods\",\"description\":\"\",\"publisher\":{\"@id\":\"https:\/\/bolster.staging.legitagency.nl\/de\/#organization\"},\"potentialAction\":[{\"@type\":\"SearchAction\",\"target\":{\"@type\":\"EntryPoint\",\"urlTemplate\":\"https:\/\/bolster.staging.legitagency.nl\/de\/?s={search_term_string}\"},\"query-input\":\"required name=search_term_string\"}],\"inLanguage\":\"de-DE\"},{\"@type\":\"Organization\",\"@id\":\"https:\/\/bolster.staging.legitagency.nl\/de\/#organization\",\"name\":\"Bolster Softgoods B.V.\",\"url\":\"https:\/\/bolster.staging.legitagency.nl\/de\/\",\"logo\":{\"@type\":\"ImageObject\",\"inLanguage\":\"de-DE\",\"@id\":\"https:\/\/bolster.staging.legitagency.nl\/de\/#\/schema\/logo\/image\/\",\"url\":\"https:\/\/www.bolstersoftgoods.com\/wp-content\/uploads\/2021\/01\/Bolster_logo_dark.svg\",\"contentUrl\":\"https:\/\/www.bolstersoftgoods.com\/wp-content\/uploads\/2021\/01\/Bolster_logo_dark.svg\",\"width\":222,\"height\":44,\"caption\":\"Bolster Softgoods B.V.\"},\"image\":{\"@id\":\"https:\/\/bolster.staging.legitagency.nl\/de\/#\/schema\/logo\/image\/\"},\"sameAs\":[\"https:\/\/www.instagram.com\/bolstersoftgoods\/\",\"https:\/\/www.linkedin.com\/company\/bolster-softgoods-b-v\/\",\"https:\/\/nl.pinterest.com\/BolsterSoftgoods\/\"]}]}<\/script>\n<!-- \/ Yoast SEO plugin. -->","yoast_head_json":{"title":"Projekte - Bolster Softgoods","description":"Bolster Softgoods has over 18 years of experience in developing and manufacturing a variety of textile products; such as transport and protective covers.","robots":{"index":"index","follow":"follow","max-snippet":"max-snippet:-1","max-image-preview":"max-image-preview:large","max-video-preview":"max-video-preview:-1"},"canonical":"https:\/\/bolster.staging.legitagency.nl\/de\/projekte\/","og_locale":"de_DE","og_type":"article","og_title":"Projekte - Bolster Softgoods","og_description":"Bolster Softgoods has over 18 years of experience in developing and manufacturing a variety of textile products; such as transport and protective covers.","og_url":"https:\/\/bolster.staging.legitagency.nl\/de\/projekte\/","og_site_name":"Bolster Softgoods","article_modified_time":"2023-10-13T13:47:30+00:00","twitter_card":"summary_large_image","twitter_misc":{"Gesch\u00e4tzte Lesezeit":"4 Minuten"},"schema":{"@context":"https:\/\/schema.org","@graph":[{"@type":"WebPage","@id":"https:\/\/bolster.staging.legitagency.nl\/de\/projekte\/","url":"https:\/\/bolster.staging.legitagency.nl\/de\/projekte\/","name":"Projekte - Bolster Softgoods","isPartOf":{"@id":"https:\/\/bolster.staging.legitagency.nl\/de\/#website"},"datePublished":"2021-01-15T09:41:31+00:00","dateModified":"2023-10-13T13:47:30+00:00","description":"Bolster Softgoods has over 18 years of experience in developing and manufacturing a variety of textile products; such as transport and protective covers.","breadcrumb":{"@id":"https:\/\/bolster.staging.legitagency.nl\/de\/projekte\/#breadcrumb"},"inLanguage":"de-DE","potentialAction":[{"@type":"ReadAction","target":["https:\/\/bolster.staging.legitagency.nl\/de\/projekte\/"]}]},{"@type":"BreadcrumbList","@id":"https:\/\/bolster.staging.legitagency.nl\/de\/projekte\/#breadcrumb","itemListElement":[{"@type":"ListItem","position":1,"name":"Home","item":"https:\/\/bolster.staging.legitagency.nl\/de\/"},{"@type":"ListItem","position":2,"name":"Projekte"}]},{"@type":"WebSite","@id":"https:\/\/bolster.staging.legitagency.nl\/de\/#website","url":"https:\/\/bolster.staging.legitagency.nl\/de\/","name":"Bolster Softgoods","description":"","publisher":{"@id":"https:\/\/bolster.staging.legitagency.nl\/de\/#organization"},"potentialAction":[{"@type":"SearchAction","target":{"@type":"EntryPoint","urlTemplate":"https:\/\/bolster.staging.legitagency.nl\/de\/?s={search_term_string}"},"query-input":"required name=search_term_string"}],"inLanguage":"de-DE"},{"@type":"Organization","@id":"https:\/\/bolster.staging.legitagency.nl\/de\/#organization","name":"Bolster Softgoods B.V.","url":"https:\/\/bolster.staging.legitagency.nl\/de\/","logo":{"@type":"ImageObject","inLanguage":"de-DE","@id":"https:\/\/bolster.staging.legitagency.nl\/de\/#\/schema\/logo\/image\/","url":"https:\/\/www.bolstersoftgoods.com\/wp-content\/uploads\/2021\/01\/Bolster_logo_dark.svg","contentUrl":"https:\/\/www.bolstersoftgoods.com\/wp-content\/uploads\/2021\/01\/Bolster_logo_dark.svg","width":222,"height":44,"caption":"Bolster Softgoods B.V."},"image":{"@id":"https:\/\/bolster.staging.legitagency.nl\/de\/#\/schema\/logo\/image\/"},"sameAs":["https:\/\/www.instagram.com\/bolstersoftgoods\/","https:\/\/www.linkedin.com\/company\/bolster-softgoods-b-v\/","https:\/\/nl.pinterest.com\/BolsterSoftgoods\/"]}]}},"_links":{"self":[{"href":"https:\/\/bolster.staging.legitagency.nl\/de\/wp-json\/wp\/v2\/pages\/3189"}],"collection":[{"href":"https:\/\/bolster.staging.legitagency.nl\/de\/wp-json\/wp\/v2\/pages"}],"about":[{"href":"https:\/\/bolster.staging.legitagency.nl\/de\/wp-json\/wp\/v2\/types\/page"}],"author":[{"embeddable":true,"href":"https:\/\/bolster.staging.legitagency.nl\/de\/wp-json\/wp\/v2\/users\/1"}],"replies":[{"embeddable":true,"href":"https:\/\/bolster.staging.legitagency.nl\/de\/wp-json\/wp\/v2\/comments?post=3189"}],"version-history":[{"count":1,"href":"https:\/\/bolster.staging.legitagency.nl\/de\/wp-json\/wp\/v2\/pages\/3189\/revisions"}],"predecessor-version":[{"id":3190,"href":"https:\/\/bolster.staging.legitagency.nl\/de\/wp-json\/wp\/v2\/pages\/3189\/revisions\/3190"}],"wp:attachment":[{"href":"https:\/\/bolster.staging.legitagency.nl\/de\/wp-json\/wp\/v2\/media?parent=3189"}],"curies":[{"name":"wp","href":"https:\/\/api.w.org\/{rel}","templated":true}]}}