{"id":3168,"date":"2021-01-15T13:17:31","date_gmt":"2021-01-15T12:17:31","guid":{"rendered":"https:\/\/www.bolstersoftgoods.com\/proces\/"},"modified":"2023-10-31T13:31:46","modified_gmt":"2023-10-31T12:31:46","slug":"proces","status":"publish","type":"page","link":"https:\/\/bolster.staging.legitagency.nl\/de\/proces\/","title":{"rendered":"Proces"},"content":{"rendered":"<div class=\"wpb-content-wrapper\"><p>[vc_row row_height_percent=&#8220;100&#8243; back_image=&#8220;623&#8243; back_position=&#8220;center top&#8220; overlay_color=&#8220;color-jevc&#8220; overlay_alpha=&#8220;25&#8243; gutter_size=&#8220;3&#8243; column_width_use_pixel=&#8220;yes&#8220; shift_y=&#8220;0&#8243; z_index=&#8220;0&#8243; el_class=&#8220;header-projecten&#8220; column_width_pixel=&#8220;1100&#8243;][vc_column column_width_percent=&#8220;100&#8243; position_vertical=&#8220;middle&#8220; align_horizontal=&#8220;align_center&#8220; gutter_size=&#8220;3&#8243; overlay_alpha=&#8220;50&#8243; shift_x=&#8220;0&#8243; shift_y=&#8220;0&#8243; shift_y_down=&#8220;0&#8243; z_index=&#8220;0&#8243; medium_width=&#8220;0&#8243; mobile_width=&#8220;0&#8243; width=&#8220;1\/1&#8243;][vc_custom_heading text_color=&#8220;color-174713&#8243; heading_semantic=&#8220;h1&#8243; text_size=&#8220;fontsize-478981&#8243; text_weight=&#8220;900&#8243; el_class=&#8220;page-headline&#8220; uncode_shortcode_id=&#8220;720405&#8243; text_color_type=&#8220;uncode-palette&#8220;]Die kraft der Flexibilit\u00e4t[\/vc_custom_heading][vc_column_text el_class=&#8220;page-intro&#8220; uncode_shortcode_id=&#8220;143798&#8243;]<\/p>\n<div><span lang=\"EN-US\">Sie sind nur noch einen Schritt davon entfernt, ein echtes Produkt in Ihren H\u00e4nden zu halten.<\/span><\/div>\n<p>[\/vc_column_text][vc_empty_space empty_h=&#8220;3&#8243;][\/vc_column][\/vc_row][vc_row row_height_percent=&#8220;0&#8243; override_padding=&#8220;yes&#8220; h_padding=&#8220;2&#8243; top_padding=&#8220;2&#8243; bottom_padding=&#8220;5&#8243; overlay_alpha=&#8220;50&#8243; gutter_size=&#8220;3&#8243; column_width_percent=&#8220;100&#8243; shift_y=&#8220;0&#8243; z_index=&#8220;0&#8243; el_class=&#8220;section-scroll-down-two&#8220;][vc_column column_width_percent=&#8220;100&#8243; align_horizontal=&#8220;align_center&#8220; gutter_size=&#8220;3&#8243; overlay_alpha=&#8220;50&#8243; shift_x=&#8220;0&#8243; shift_y=&#8220;0&#8243; shift_y_down=&#8220;0&#8243; z_index=&#8220;0&#8243; medium_width=&#8220;0&#8243; mobile_width=&#8220;0&#8243; width=&#8220;1\/1&#8243;][vc_button border_width=&#8220;0&#8243; css_animation=&#8220;bottom-t-top&#8220; el_class=&#8220;scroll-down-white&#8220; link=&#8220;url:%23scroll-down|&#8220; uncode_shortcode_id=&#8220;129768&#8243;]Entdecken Sie mehr[\/vc_button][\/vc_column][\/vc_row][vc_row row_height_percent=&#8220;0&#8243; override_padding=&#8220;yes&#8220; h_padding=&#8220;2&#8243; top_padding=&#8220;2&#8243; bottom_padding=&#8220;5&#8243; overlay_alpha=&#8220;50&#8243; gutter_size=&#8220;3&#8243; column_width_use_pixel=&#8220;yes&#8220; shift_y=&#8220;0&#8243; z_index=&#8220;0&#8243; column_width_pixel=&#8220;900&#8243; row_name=&#8220;scroll-down&#8220;][vc_column column_width_percent=&#8220;100&#8243; gutter_size=&#8220;3&#8243; overlay_alpha=&#8220;50&#8243; shift_x=&#8220;0&#8243; shift_y=&#8220;0&#8243; shift_y_down=&#8220;0&#8243; z_index=&#8220;0&#8243; medium_width=&#8220;0&#8243; mobile_width=&#8220;0&#8243; css_animation=&#8220;bottom-t-top&#8220; width=&#8220;1\/1&#8243;][vc_custom_heading text_color=&#8220;color-174713&#8243; text_size=&#8220;fontsize-202298&#8243; uncode_shortcode_id=&#8220;997381&#8243; text_color_type=&#8220;uncode-palette&#8220;]Wir wissen, wo es langgeht[\/vc_custom_heading][vc_column_text uncode_shortcode_id=&#8220;212453&#8243;]Um so schnell wie m\u00f6glich von einem Design zur Produktion zu gelangen, arbeiten wir nach einem festen Ablaufplan. Jeder Schritt in diesem Prozess ist notwendig, um ein qualitativ hochwertiges Textilprodukt zu entwickeln, das problemlos in die Produktion \u00fcberf\u00fchrt werden kann.[\/vc_column_text][\/vc_column][\/vc_row][vc_row][vc_column width=&#8220;2\/3&#8243;][vc_single_image media=&#8220;573&#8243; media_width_percent=&#8220;100&#8243; media_ratio=&#8220;one-one&#8220; advanced=&#8220;yes&#8220; media_overlay_color=&#8220;color-jevc&#8220; media_overlay_opacity=&#8220;50&#8243; media_overlay_visible=&#8220;yes&#8220; media_overlay_anim=&#8220;no&#8220; media_text_anim=&#8220;no&#8220; media_padding=&#8220;2&#8243; el_class=&#8220;proces-img&#8220;][\/vc_column][vc_column column_width_percent=&#8220;100&#8243; gutter_size=&#8220;3&#8243; overlay_alpha=&#8220;50&#8243; shift_x=&#8220;0&#8243; shift_y=&#8220;0&#8243; shift_y_down=&#8220;0&#8243; z_index=&#8220;0&#8243; medium_width=&#8220;0&#8243; mobile_width=&#8220;0&#8243; css_animation=&#8220;bottom-t-top&#8220; width=&#8220;1\/3&#8243; el_class=&#8220;proces-column&#8220; uncode_shortcode_id=&#8220;267147&#8243;][vc_custom_heading text_color=&#8220;color-486716&#8243; heading_semantic=&#8220;h3&#8243; text_size=&#8220;fontsize-177248&#8243; text_weight=&#8220;600&#8243; uncode_shortcode_id=&#8220;114457&#8243; text_color_type=&#8220;uncode-palette&#8220;]Schritt 01[\/vc_custom_heading][vc_custom_heading text_color=&#8220;color-174713&#8243; text_size=&#8220;fontsize-478981&#8243; el_class=&#8220;process-title&#8220; uncode_shortcode_id=&#8220;576257&#8243; text_color_type=&#8220;uncode-palette&#8220;]Kontaktaufnahme[\/vc_custom_heading][vc_column_text el_class=&#8220;process-body&#8220; uncode_shortcode_id=&#8220;169566&#8243;]Alles beginnt mit einer Idee oder einer Skizze f\u00fcr ein Textilprodukt oder -teil. Au\u00dferdem m\u00fcssen Sie eine klare Vorstellung von den Anforderungen und W\u00fcnschen Ihrer beabsichtigten Endbenutzer haben. Bei Bolster verf\u00fcgen wir \u00fcber Fachwissen in den Bereichen Textilien, Zertifizierung, Bedruckung, Veredelung und Reproduktion. In einem ersten Kennenlerngespr\u00e4ch ermitteln wir, wie wir einander am besten helfen k\u00f6nnen. Das Wichtigste dabei ist: Wie k\u00f6nnen wir Ihre Textilidee so gut und schnell wie m\u00f6glich realisieren?[\/vc_column_text][\/vc_column][\/vc_row][vc_row][vc_column width=&#8220;2\/3&#8243;][vc_single_image media=&#8220;574&#8243; media_width_percent=&#8220;100&#8243; media_ratio=&#8220;one-one&#8220; advanced=&#8220;yes&#8220; media_overlay_color=&#8220;color-jevc&#8220; media_overlay_opacity=&#8220;50&#8243; media_overlay_visible=&#8220;yes&#8220; media_overlay_anim=&#8220;no&#8220; media_text_anim=&#8220;no&#8220; media_padding=&#8220;2&#8243; el_class=&#8220;proces-img&#8220;][\/vc_column][vc_column column_width_percent=&#8220;100&#8243; gutter_size=&#8220;3&#8243; overlay_alpha=&#8220;50&#8243; shift_x=&#8220;0&#8243; shift_y=&#8220;0&#8243; shift_y_down=&#8220;0&#8243; z_index=&#8220;0&#8243; medium_width=&#8220;0&#8243; mobile_width=&#8220;0&#8243; css_animation=&#8220;bottom-t-top&#8220; width=&#8220;1\/3&#8243; el_class=&#8220;proces-column&#8220; uncode_shortcode_id=&#8220;482058&#8243;][vc_custom_heading text_color=&#8220;color-486716&#8243; heading_semantic=&#8220;h3&#8243; text_size=&#8220;fontsize-177248&#8243; text_weight=&#8220;600&#8243; uncode_shortcode_id=&#8220;749416&#8243; text_color_type=&#8220;uncode-palette&#8220;]Schritt 02[\/vc_custom_heading][vc_custom_heading text_color=&#8220;color-174713&#8243; text_size=&#8220;fontsize-478981&#8243; el_class=&#8220;process-title&#8220; uncode_shortcode_id=&#8220;111691&#8243; text_color_type=&#8220;uncode-palette&#8220;]Design[\/vc_custom_heading][vc_column_text el_class=&#8220;process-body&#8220; uncode_shortcode_id=&#8220;166069&#8243;]Bei Bolster haben wir eigene Designer, die proaktiv mitdenken. Da bei uns alle Vorerfahrung in der Textilbranche haben, denken wir bereits in der Designphase auch an einen reibungslosen Produktionsprozess. Dadurch sparen Sie als Kunde erheblich Zeit und Kosten. Dar\u00fcber hinaus legen wir gro\u00dfen Wert auf Details und Stil. Haben Sie bereits eine Designskizze? Dann pr\u00fcfen wir, ob alle Bedingungen f\u00fcr die Produktion erf\u00fcllt sind.[\/vc_column_text][\/vc_column][\/vc_row][vc_row][vc_column width=&#8220;2\/3&#8243;][vc_single_image media=&#8220;575&#8243; media_width_percent=&#8220;100&#8243; media_ratio=&#8220;one-one&#8220; advanced=&#8220;yes&#8220; media_overlay_color=&#8220;color-jevc&#8220; media_overlay_opacity=&#8220;50&#8243; media_overlay_visible=&#8220;yes&#8220; media_overlay_anim=&#8220;no&#8220; media_text_anim=&#8220;no&#8220; media_padding=&#8220;2&#8243; el_class=&#8220;proces-img&#8220;][\/vc_column][vc_column column_width_percent=&#8220;100&#8243; gutter_size=&#8220;3&#8243; overlay_alpha=&#8220;50&#8243; shift_x=&#8220;0&#8243; shift_y=&#8220;0&#8243; shift_y_down=&#8220;0&#8243; z_index=&#8220;0&#8243; medium_width=&#8220;0&#8243; mobile_width=&#8220;0&#8243; css_animation=&#8220;bottom-t-top&#8220; width=&#8220;1\/3&#8243; el_class=&#8220;proces-column&#8220; uncode_shortcode_id=&#8220;124193&#8243;][vc_custom_heading text_color=&#8220;color-486716&#8243; heading_semantic=&#8220;h3&#8243; text_size=&#8220;fontsize-177248&#8243; text_weight=&#8220;600&#8243; uncode_shortcode_id=&#8220;586296&#8243; text_color_type=&#8220;uncode-palette&#8220;]Schritt 03[\/vc_custom_heading][vc_custom_heading text_color=&#8220;color-174713&#8243; text_size=&#8220;fontsize-478981&#8243; el_class=&#8220;process-title&#8220;]Prototyp[\/vc_custom_heading][vc_column_text el_class=&#8220;process-body&#8220; uncode_shortcode_id=&#8220;121334&#8243;]Aus Erfahrung wissen wir, dass eine Idee erst richtig lebendig wird, wenn man sie dreidimensional gestaltet. Deshalb dr\u00e4ngen wir immer darauf, so schnell wie m\u00f6glich einen Prototyp herzustellen. Mit einem Prototyp in der Hand k\u00f6nnen Entscheidungen \u00fcber die besten Materialien, Konstruktionen und zugeh\u00f6rigen Techniken viel einfacher getroffen werden.[\/vc_column_text][\/vc_column][\/vc_row][vc_row][vc_column width=&#8220;2\/3&#8243;][vc_single_image media=&#8220;576&#8243; media_width_percent=&#8220;100&#8243; media_ratio=&#8220;one-one&#8220; advanced=&#8220;yes&#8220; media_overlay_color=&#8220;color-jevc&#8220; media_overlay_opacity=&#8220;50&#8243; media_overlay_visible=&#8220;yes&#8220; media_overlay_anim=&#8220;no&#8220; media_text_anim=&#8220;no&#8220; media_padding=&#8220;2&#8243; el_class=&#8220;proces-img&#8220;][\/vc_column][vc_column column_width_percent=&#8220;100&#8243; gutter_size=&#8220;3&#8243; overlay_alpha=&#8220;50&#8243; shift_x=&#8220;0&#8243; shift_y=&#8220;0&#8243; shift_y_down=&#8220;0&#8243; z_index=&#8220;0&#8243; medium_width=&#8220;0&#8243; mobile_width=&#8220;0&#8243; css_animation=&#8220;bottom-t-top&#8220; width=&#8220;1\/3&#8243; el_class=&#8220;proces-column-last&#8220; uncode_shortcode_id=&#8220;188123&#8243;][vc_custom_heading text_color=&#8220;color-486716&#8243; heading_semantic=&#8220;h3&#8243; text_size=&#8220;fontsize-177248&#8243; text_weight=&#8220;600&#8243; uncode_shortcode_id=&#8220;934369&#8243; text_color_type=&#8220;uncode-palette&#8220;]Schritt 04[\/vc_custom_heading][vc_custom_heading text_color=&#8220;color-174713&#8243; text_size=&#8220;fontsize-478981&#8243; el_class=&#8220;process-title&#8220; uncode_shortcode_id=&#8220;178065&#8243; text_color_type=&#8220;uncode-palette&#8220;]Produktion[\/vc_custom_heading][vc_column_text el_class=&#8220;process-body&#8220; uncode_shortcode_id=&#8220;140151&#8243;]Sobald der Prototyp fertig ist und alle Entscheidungen \u00fcber Materialien, Techniken und Bedruckung getroffen wurden, beginnen wir mit der Produktion. Dies kann sowohl in kleinen St\u00fcckzahlen als auch in Serienproduktion geschehen<span lang=\"EN-US\">.<\/span> Es ist auch m\u00f6glich, die Produktion von einer kleinen Startserie auf eine Jahresproduktion von 100.000 St\u00fcck zu steigern.  Auf dieser Grundlage pr\u00fcfen wir, ob wir die Produktionskette intern oder extern in Gang zu setzen ist. Selbstverst\u00e4ndlich k\u00f6nnen wir auch die Produktmontage, die Montage von Hardware, die Verpackung, den Transport und die Logistik bis ins Detail f\u00fcr Sie \u00fcbernehmen.[\/vc_column_text][\/vc_column][\/vc_row][vc_row row_height_percent=&#8220;0&#8243; override_padding=&#8220;yes&#8220; h_padding=&#8220;2&#8243; top_padding=&#8220;3&#8243; bottom_padding=&#8220;3&#8243; overlay_alpha=&#8220;50&#8243; gutter_size=&#8220;3&#8243; column_width_use_pixel=&#8220;yes&#8220; shift_y=&#8220;0&#8243; z_index=&#8220;0&#8243;][vc_column column_width_percent=&#8220;100&#8243; gutter_size=&#8220;3&#8243; overlay_alpha=&#8220;50&#8243; shift_x=&#8220;0&#8243; shift_y=&#8220;0&#8243; shift_y_down=&#8220;0&#8243; z_index=&#8220;0&#8243; medium_width=&#8220;0&#8243; mobile_width=&#8220;0&#8243; width=&#8220;1\/1&#8243;][vc_custom_heading text_color=&#8220;color-174713&#8243; heading_semantic=&#8220;h3&#8243; text_size=&#8220;fontsize-164190&#8243; text_weight=&#8220;600&#8243; uncode_shortcode_id=&#8220;154673&#8243; text_color_type=&#8220;uncode-palette&#8220;]<\/p>\n<p style=\"font-weight: 400;\">Unsere Projekte<\/p>\n<p>[\/vc_custom_heading][vc_row_inner row_inner_height_percent=&#8220;0&#8243; overlay_alpha=&#8220;50&#8243; gutter_size=&#8220;3&#8243; shift_y=&#8220;0&#8243; z_index=&#8220;0&#8243; medium_visibility=&#8220;yes&#8220; mobile_visibility=&#8220;yes&#8220; limit_content=&#8220;&#8220;][vc_column_inner width=&#8220;1\/1&#8243;][uncode_index el_id=&#8220;index-130601&#8243; loop=&#8220;size:2|order_by:date|order:DESC|post_type:portfolio|taxonomy_count:10&#8243; screen_lg=&#8220;800&#8243; screen_md=&#8220;600&#8243; screen_sm=&#8220;480&#8243; gutter_size=&#8220;2&#8243; portfolio_items=&#8220;title,media|featured|onpost|original,detail-159383,link|default|default_size|Show project&#8220; single_text=&#8220;overlay&#8220; single_width=&#8220;6&#8243; images_size=&#8220;four-three&#8220; single_shape=&#8220;round&#8220; radius=&#8220;std&#8220; single_overlay_opacity=&#8220;50&#8243; single_overlay_visible=&#8220;yes&#8220; single_overlay_anim=&#8220;no&#8220; single_text_visible=&#8220;yes&#8220; single_text_anim=&#8220;no&#8220; single_v_position=&#8220;bottom&#8220; single_padding=&#8220;2&#8243; single_border=&#8220;yes&#8220; no_double_tap=&#8220;yes&#8220; el_class=&#8220;portfolio-box&#8220; offset=&#8220;1&#8243; uncode_shortcode_id=&#8220;204571&#8243;][\/vc_column_inner][\/vc_row_inner][vc_row_inner row_inner_height_percent=&#8220;0&#8243; overlay_alpha=&#8220;50&#8243; gutter_size=&#8220;3&#8243; shift_y=&#8220;0&#8243; z_index=&#8220;0&#8243; desktop_visibility=&#8220;yes&#8220; limit_content=&#8220;&#8220;][vc_column_inner width=&#8220;1\/1&#8243;][uncode_index el_id=&#8220;index-130601&#8243; loop=&#8220;size:2|order_by:date|order:DESC|post_type:portfolio|taxonomy_count:10&#8243; screen_lg=&#8220;800&#8243; screen_md=&#8220;600&#8243; screen_sm=&#8220;480&#8243; gutter_size=&#8220;2&#8243; portfolio_items=&#8220;title,media|featured|onpost|original,detail-159383,link|default|default_size|Show project&#8220; single_text=&#8220;overlay&#8220; single_width=&#8220;6&#8243; images_size=&#8220;one-one&#8220; single_shape=&#8220;round&#8220; radius=&#8220;std&#8220; single_overlay_opacity=&#8220;50&#8243; single_overlay_visible=&#8220;yes&#8220; single_overlay_anim=&#8220;no&#8220; single_text_visible=&#8220;yes&#8220; single_text_anim=&#8220;no&#8220; single_v_position=&#8220;bottom&#8220; single_padding=&#8220;2&#8243; single_border=&#8220;yes&#8220; no_double_tap=&#8220;yes&#8220; el_class=&#8220;portfolio-box&#8220; offset=&#8220;1&#8243; uncode_shortcode_id=&#8220;108715&#8243;][\/vc_column_inner][\/vc_row_inner][vc_row_inner row_inner_height_percent=&#8220;0&#8243; overlay_alpha=&#8220;50&#8243; gutter_size=&#8220;3&#8243; shift_y=&#8220;0&#8243; z_index=&#8220;0&#8243; el_class=&#8220;btn-section&#8220; limit_content=&#8220;&#8220;][vc_column_inner column_width_percent=&#8220;100&#8243; align_horizontal=&#8220;align_right&#8220; gutter_size=&#8220;3&#8243; overlay_alpha=&#8220;50&#8243; shift_x=&#8220;0&#8243; shift_y=&#8220;0&#8243; shift_y_down=&#8220;0&#8243; z_index=&#8220;0&#8243; medium_width=&#8220;0&#8243; mobile_width=&#8220;0&#8243; width=&#8220;1\/1&#8243;][vc_button border_width=&#8220;0&#8243; css_animation=&#8220;left-t-right&#8220; el_class=&#8220;btn-right-white-large&#8220; link=&#8220;url:https%3A%2F%2Fwww.bolstersoftgoods.com%2Fprojects%2F|title:Projekte|&#8220; uncode_shortcode_id=&#8220;200934&#8243;]Projekte anzeigen[\/vc_button][\/vc_column_inner][\/vc_row_inner][\/vc_column][\/vc_row][vc_row][vc_column width=&#8220;1\/1&#8243;][vc_empty_space empty_h=&#8220;2&#8243;][\/vc_column][\/vc_row]<\/p>\n<\/div>","protected":false},"excerpt":{"rendered":"<p>[vc_row row_height_percent=&#8220;100&#8243; back_image=&#8220;623&#8243; back_position=&#8220;center top&#8220; overlay_color=&#8220;color-jevc&#8220; overlay_alpha=&#8220;25&#8243; gutter_size=&#8220;3&#8243; column_width_use_pixel=&#8220;yes&#8220; shift_y=&#8220;0&#8243; z_index=&#8220;0&#8243; el_class=&#8220;header-projecten&#8220; column_width_pixel=&#8220;1100&#8243;][vc_column column_width_percent=&#8220;100&#8243; position_vertical=&#8220;middle&#8220; align_horizontal=&#8220;align_center&#8220; gutter_size=&#8220;3&#8243; overlay_alpha=&#8220;50&#8243; shift_x=&#8220;0&#8243; shift_y=&#8220;0&#8243; [&hellip;]<\/p>\n","protected":false},"author":1,"featured_media":0,"parent":0,"menu_order":0,"comment_status":"closed","ping_status":"closed","template":"","meta":{"footnotes":""},"yoast_head":"<!-- This site is optimized with the Yoast SEO plugin v22.2 - https:\/\/yoast.com\/wordpress\/plugins\/seo\/ -->\n<title>Proces - Bolster Softgoods<\/title>\n<meta name=\"description\" content=\"Bolster Softgoods has over 18 years of experience in developing and manufacturing a variety of textile products; such as transport and protective covers.\" \/>\n<meta name=\"robots\" content=\"index, follow, max-snippet:-1, max-image-preview:large, max-video-preview:-1\" \/>\n<link rel=\"canonical\" href=\"https:\/\/bolster.staging.legitagency.nl\/de\/proces\/\" \/>\n<meta property=\"og:locale\" content=\"de_DE\" \/>\n<meta property=\"og:type\" content=\"article\" \/>\n<meta property=\"og:title\" content=\"Proces - Bolster Softgoods\" \/>\n<meta property=\"og:description\" content=\"Bolster Softgoods has over 18 years of experience in developing and manufacturing a variety of textile products; such as transport and protective covers.\" \/>\n<meta property=\"og:url\" content=\"https:\/\/bolster.staging.legitagency.nl\/de\/proces\/\" \/>\n<meta property=\"og:site_name\" content=\"Bolster Softgoods\" \/>\n<meta property=\"article:modified_time\" content=\"2023-10-31T12:31:46+00:00\" \/>\n<meta name=\"twitter:card\" content=\"summary_large_image\" \/>\n<meta name=\"twitter:label1\" content=\"Gesch\u00e4tzte Lesezeit\" \/>\n\t<meta name=\"twitter:data1\" content=\"8 Minuten\" \/>\n<script type=\"application\/ld+json\" class=\"yoast-schema-graph\">{\"@context\":\"https:\/\/schema.org\",\"@graph\":[{\"@type\":\"WebPage\",\"@id\":\"https:\/\/bolster.staging.legitagency.nl\/de\/proces\/\",\"url\":\"https:\/\/bolster.staging.legitagency.nl\/de\/proces\/\",\"name\":\"Proces - Bolster Softgoods\",\"isPartOf\":{\"@id\":\"https:\/\/bolster.staging.legitagency.nl\/de\/#website\"},\"datePublished\":\"2021-01-15T12:17:31+00:00\",\"dateModified\":\"2023-10-31T12:31:46+00:00\",\"description\":\"Bolster Softgoods has over 18 years of experience in developing and manufacturing a variety of textile products; such as transport and protective covers.\",\"breadcrumb\":{\"@id\":\"https:\/\/bolster.staging.legitagency.nl\/de\/proces\/#breadcrumb\"},\"inLanguage\":\"de-DE\",\"potentialAction\":[{\"@type\":\"ReadAction\",\"target\":[\"https:\/\/bolster.staging.legitagency.nl\/de\/proces\/\"]}]},{\"@type\":\"BreadcrumbList\",\"@id\":\"https:\/\/bolster.staging.legitagency.nl\/de\/proces\/#breadcrumb\",\"itemListElement\":[{\"@type\":\"ListItem\",\"position\":1,\"name\":\"Home\",\"item\":\"https:\/\/bolster.staging.legitagency.nl\/de\/\"},{\"@type\":\"ListItem\",\"position\":2,\"name\":\"Proces\"}]},{\"@type\":\"WebSite\",\"@id\":\"https:\/\/bolster.staging.legitagency.nl\/de\/#website\",\"url\":\"https:\/\/bolster.staging.legitagency.nl\/de\/\",\"name\":\"Bolster Softgoods\",\"description\":\"\",\"publisher\":{\"@id\":\"https:\/\/bolster.staging.legitagency.nl\/de\/#organization\"},\"potentialAction\":[{\"@type\":\"SearchAction\",\"target\":{\"@type\":\"EntryPoint\",\"urlTemplate\":\"https:\/\/bolster.staging.legitagency.nl\/de\/?s={search_term_string}\"},\"query-input\":\"required name=search_term_string\"}],\"inLanguage\":\"de-DE\"},{\"@type\":\"Organization\",\"@id\":\"https:\/\/bolster.staging.legitagency.nl\/de\/#organization\",\"name\":\"Bolster Softgoods B.V.\",\"url\":\"https:\/\/bolster.staging.legitagency.nl\/de\/\",\"logo\":{\"@type\":\"ImageObject\",\"inLanguage\":\"de-DE\",\"@id\":\"https:\/\/bolster.staging.legitagency.nl\/de\/#\/schema\/logo\/image\/\",\"url\":\"https:\/\/www.bolstersoftgoods.com\/wp-content\/uploads\/2021\/01\/Bolster_logo_dark.svg\",\"contentUrl\":\"https:\/\/www.bolstersoftgoods.com\/wp-content\/uploads\/2021\/01\/Bolster_logo_dark.svg\",\"width\":222,\"height\":44,\"caption\":\"Bolster Softgoods B.V.\"},\"image\":{\"@id\":\"https:\/\/bolster.staging.legitagency.nl\/de\/#\/schema\/logo\/image\/\"},\"sameAs\":[\"https:\/\/www.instagram.com\/bolstersoftgoods\/\",\"https:\/\/www.linkedin.com\/company\/bolster-softgoods-b-v\/\",\"https:\/\/nl.pinterest.com\/BolsterSoftgoods\/\"]}]}<\/script>\n<!-- \/ Yoast SEO plugin. -->","yoast_head_json":{"title":"Proces - Bolster Softgoods","description":"Bolster Softgoods has over 18 years of experience in developing and manufacturing a variety of textile products; such as transport and protective covers.","robots":{"index":"index","follow":"follow","max-snippet":"max-snippet:-1","max-image-preview":"max-image-preview:large","max-video-preview":"max-video-preview:-1"},"canonical":"https:\/\/bolster.staging.legitagency.nl\/de\/proces\/","og_locale":"de_DE","og_type":"article","og_title":"Proces - Bolster Softgoods","og_description":"Bolster Softgoods has over 18 years of experience in developing and manufacturing a variety of textile products; such as transport and protective covers.","og_url":"https:\/\/bolster.staging.legitagency.nl\/de\/proces\/","og_site_name":"Bolster Softgoods","article_modified_time":"2023-10-31T12:31:46+00:00","twitter_card":"summary_large_image","twitter_misc":{"Gesch\u00e4tzte Lesezeit":"8 Minuten"},"schema":{"@context":"https:\/\/schema.org","@graph":[{"@type":"WebPage","@id":"https:\/\/bolster.staging.legitagency.nl\/de\/proces\/","url":"https:\/\/bolster.staging.legitagency.nl\/de\/proces\/","name":"Proces - Bolster Softgoods","isPartOf":{"@id":"https:\/\/bolster.staging.legitagency.nl\/de\/#website"},"datePublished":"2021-01-15T12:17:31+00:00","dateModified":"2023-10-31T12:31:46+00:00","description":"Bolster Softgoods has over 18 years of experience in developing and manufacturing a variety of textile products; such as transport and protective covers.","breadcrumb":{"@id":"https:\/\/bolster.staging.legitagency.nl\/de\/proces\/#breadcrumb"},"inLanguage":"de-DE","potentialAction":[{"@type":"ReadAction","target":["https:\/\/bolster.staging.legitagency.nl\/de\/proces\/"]}]},{"@type":"BreadcrumbList","@id":"https:\/\/bolster.staging.legitagency.nl\/de\/proces\/#breadcrumb","itemListElement":[{"@type":"ListItem","position":1,"name":"Home","item":"https:\/\/bolster.staging.legitagency.nl\/de\/"},{"@type":"ListItem","position":2,"name":"Proces"}]},{"@type":"WebSite","@id":"https:\/\/bolster.staging.legitagency.nl\/de\/#website","url":"https:\/\/bolster.staging.legitagency.nl\/de\/","name":"Bolster Softgoods","description":"","publisher":{"@id":"https:\/\/bolster.staging.legitagency.nl\/de\/#organization"},"potentialAction":[{"@type":"SearchAction","target":{"@type":"EntryPoint","urlTemplate":"https:\/\/bolster.staging.legitagency.nl\/de\/?s={search_term_string}"},"query-input":"required name=search_term_string"}],"inLanguage":"de-DE"},{"@type":"Organization","@id":"https:\/\/bolster.staging.legitagency.nl\/de\/#organization","name":"Bolster Softgoods B.V.","url":"https:\/\/bolster.staging.legitagency.nl\/de\/","logo":{"@type":"ImageObject","inLanguage":"de-DE","@id":"https:\/\/bolster.staging.legitagency.nl\/de\/#\/schema\/logo\/image\/","url":"https:\/\/www.bolstersoftgoods.com\/wp-content\/uploads\/2021\/01\/Bolster_logo_dark.svg","contentUrl":"https:\/\/www.bolstersoftgoods.com\/wp-content\/uploads\/2021\/01\/Bolster_logo_dark.svg","width":222,"height":44,"caption":"Bolster Softgoods B.V."},"image":{"@id":"https:\/\/bolster.staging.legitagency.nl\/de\/#\/schema\/logo\/image\/"},"sameAs":["https:\/\/www.instagram.com\/bolstersoftgoods\/","https:\/\/www.linkedin.com\/company\/bolster-softgoods-b-v\/","https:\/\/nl.pinterest.com\/BolsterSoftgoods\/"]}]}},"_links":{"self":[{"href":"https:\/\/bolster.staging.legitagency.nl\/de\/wp-json\/wp\/v2\/pages\/3168"}],"collection":[{"href":"https:\/\/bolster.staging.legitagency.nl\/de\/wp-json\/wp\/v2\/pages"}],"about":[{"href":"https:\/\/bolster.staging.legitagency.nl\/de\/wp-json\/wp\/v2\/types\/page"}],"author":[{"embeddable":true,"href":"https:\/\/bolster.staging.legitagency.nl\/de\/wp-json\/wp\/v2\/users\/1"}],"replies":[{"embeddable":true,"href":"https:\/\/bolster.staging.legitagency.nl\/de\/wp-json\/wp\/v2\/comments?post=3168"}],"version-history":[{"count":5,"href":"https:\/\/bolster.staging.legitagency.nl\/de\/wp-json\/wp\/v2\/pages\/3168\/revisions"}],"predecessor-version":[{"id":3820,"href":"https:\/\/bolster.staging.legitagency.nl\/de\/wp-json\/wp\/v2\/pages\/3168\/revisions\/3820"}],"wp:attachment":[{"href":"https:\/\/bolster.staging.legitagency.nl\/de\/wp-json\/wp\/v2\/media?parent=3168"}],"curies":[{"name":"wp","href":"https:\/\/api.w.org\/{rel}","templated":true}]}}