{"id":3055,"date":"2021-01-14T11:44:11","date_gmt":"2021-01-14T10:44:11","guid":{"rendered":"https:\/\/www.bolstersoftgoods.com\/home\/"},"modified":"2023-11-10T14:59:35","modified_gmt":"2023-11-10T13:59:35","slug":"home","status":"publish","type":"page","link":"https:\/\/bolster.staging.legitagency.nl\/de\/","title":{"rendered":"Home"},"content":{"rendered":"<div class=\"wpb-content-wrapper\"><p>[vc_row row_height_percent=&#8220;100&#8243; back_image=&#8220;575&#8243; back_position=&#8220;center top&#8220; overlay_color=&#8220;color-jevc&#8220; overlay_alpha=&#8220;25&#8243; gutter_size=&#8220;3&#8243; column_width_percent=&#8220;100&#8243; shift_y=&#8220;0&#8243; z_index=&#8220;0&#8243; el_class=&#8220;header-home&#8220;][vc_column column_width_percent=&#8220;100&#8243; position_vertical=&#8220;middle&#8220; gutter_size=&#8220;3&#8243; overlay_alpha=&#8220;50&#8243; shift_x=&#8220;0&#8243; shift_y=&#8220;0&#8243; shift_y_down=&#8220;0&#8243; z_index=&#8220;0&#8243; medium_width=&#8220;0&#8243; mobile_width=&#8220;0&#8243; width=&#8220;2\/3&#8243; uncode_shortcode_id=&#8220;781931&#8243;][vc_custom_heading text_color=&#8220;color-174713&#8243; heading_semantic=&#8220;h1&#8243; text_size=&#8220;fontsize-579531&#8243; text_weight=&#8220;900&#8243; uncode_shortcode_id=&#8220;337939&#8243; text_color_type=&#8220;uncode-palette&#8220;]We innovate<br \/>\nWe develop<br \/>\nWe produce<br \/>\nWe make it happen[\/vc_custom_heading][vc_empty_space empty_h=&#8220;3&#8243;][vc_row_inner row_inner_height_percent=&#8220;0&#8243; overlay_alpha=&#8220;50&#8243; gutter_size=&#8220;3&#8243; shift_y=&#8220;0&#8243; z_index=&#8220;0&#8243; medium_visibility=&#8220;yes&#8220; mobile_visibility=&#8220;yes&#8220; el_class=&#8220;section-scroll-down&#8220; limit_content=&#8220;&#8220;][vc_column_inner column_width_percent=&#8220;100&#8243; align_horizontal=&#8220;align_right&#8220; gutter_size=&#8220;3&#8243; overlay_alpha=&#8220;50&#8243; shift_x=&#8220;0&#8243; shift_y=&#8220;0&#8243; shift_y_down=&#8220;0&#8243; z_index=&#8220;0&#8243; medium_width=&#8220;0&#8243; mobile_width=&#8220;0&#8243; width=&#8220;1\/1&#8243;][vc_button border_width=&#8220;0&#8243; css_animation=&#8220;bottom-t-top&#8220; el_class=&#8220;scroll-down-white&#8220; link=&#8220;url:%23scroll-down|&#8220; uncode_shortcode_id=&#8220;409020&#8243;]Entdecken Sie mehr[\/vc_button][\/vc_column_inner][\/vc_row_inner][vc_empty_space empty_h=&#8220;0&#8243;][\/vc_column][vc_column column_width_percent=&#8220;100&#8243; position_vertical=&#8220;middle&#8220; align_horizontal=&#8220;align_right&#8220; gutter_size=&#8220;3&#8243; overlay_alpha=&#8220;50&#8243; shift_x=&#8220;0&#8243; shift_y=&#8220;0&#8243; shift_y_down=&#8220;0&#8243; z_index=&#8220;0&#8243; medium_visibility=&#8220;yes&#8220; medium_width=&#8220;0&#8243; mobile_visibility=&#8220;yes&#8220; mobile_width=&#8220;0&#8243; width=&#8220;1\/3&#8243;][vc_custom_heading text_color=&#8220;color-174713&#8243; heading_semantic=&#8220;h3&#8243; text_size=&#8220;fontsize-177609&#8243; text_weight=&#8220;600&#8243; uncode_shortcode_id=&#8220;159235&#8243; text_color_type=&#8220;uncode-palette&#8220;]vorgestellte Projekte[\/vc_custom_heading][uncode_index el_id=&#8220;index-130601&#8243; loop=&#8220;size:1|order_by:date|order:DESC|post_type:portfolio|by_id:1548|taxonomy_count:10&#8243; screen_lg=&#8220;420&#8243; screen_md=&#8220;600&#8243; screen_sm=&#8220;480&#8243; gutter_size=&#8220;3&#8243; portfolio_items=&#8220;title,media|featured|onpost|original,detail-159383,link|default|default_size|Show project&#8220; single_text=&#8220;overlay&#8220; images_size=&#8220;one-one&#8220; single_shape=&#8220;round&#8220; radius=&#8220;std&#8220; single_overlay_opacity=&#8220;50&#8243; single_overlay_visible=&#8220;yes&#8220; single_overlay_anim=&#8220;no&#8220; single_text_visible=&#8220;yes&#8220; single_text_anim=&#8220;no&#8220; single_v_position=&#8220;bottom&#8220; single_padding=&#8220;2&#8243; single_border=&#8220;yes&#8220; el_class=&#8220;portfolio-box&#8220; uncode_shortcode_id=&#8220;511832&#8243;][\/vc_column][\/vc_row][vc_row row_height_percent=&#8220;0&#8243; override_padding=&#8220;yes&#8220; h_padding=&#8220;2&#8243; top_padding=&#8220;0&#8243; bottom_padding=&#8220;5&#8243; overlay_alpha=&#8220;50&#8243; gutter_size=&#8220;3&#8243; column_width_percent=&#8220;100&#8243; shift_y=&#8220;0&#8243; z_index=&#8220;0&#8243; desktop_visibility=&#8220;yes&#8220; el_class=&#8220;section-scroll-down-two&#8220;][vc_column column_width_percent=&#8220;100&#8243; align_horizontal=&#8220;align_center&#8220; gutter_size=&#8220;3&#8243; overlay_alpha=&#8220;50&#8243; shift_x=&#8220;0&#8243; shift_y=&#8220;0&#8243; shift_y_down=&#8220;0&#8243; z_index=&#8220;0&#8243; medium_width=&#8220;0&#8243; mobile_width=&#8220;0&#8243; width=&#8220;1\/1&#8243;][vc_button border_width=&#8220;0&#8243; css_animation=&#8220;bottom-t-top&#8220; el_class=&#8220;scroll-down-white&#8220; link=&#8220;url:%23scroll-down|&#8220; uncode_shortcode_id=&#8220;114035&#8243;]Entdecken Sie mehr[\/vc_button][\/vc_column][\/vc_row][vc_row row_height_percent=&#8220;0&#8243; override_padding=&#8220;yes&#8220; h_padding=&#8220;2&#8243; top_padding=&#8220;4&#8243; bottom_padding=&#8220;5&#8243; overlay_alpha=&#8220;50&#8243; gutter_size=&#8220;3&#8243; column_width_use_pixel=&#8220;yes&#8220; shift_y=&#8220;0&#8243; z_index=&#8220;0&#8243; column_width_pixel=&#8220;900&#8243; row_name=&#8220;scroll-down&#8220;][vc_column column_width_percent=&#8220;100&#8243; gutter_size=&#8220;3&#8243; overlay_alpha=&#8220;50&#8243; shift_x=&#8220;0&#8243; shift_y=&#8220;0&#8243; shift_y_down=&#8220;0&#8243; z_index=&#8220;0&#8243; medium_width=&#8220;0&#8243; mobile_width=&#8220;0&#8243; css_animation=&#8220;bottom-t-top&#8220; animation_delay=&#8220;200&#8243; width=&#8220;1\/1&#8243;][vc_custom_heading text_color=&#8220;color-174713&#8243; text_size=&#8220;fontsize-202298&#8243; uncode_shortcode_id=&#8220;987321&#8243; text_color_type=&#8220;uncode-palette&#8220;]Softgoods vom konzept bis zur serienproduktion[\/vc_custom_heading][vc_column_text uncode_shortcode_id=&#8220;126986&#8243;]<\/p>\n<p style=\"font-weight: 400;\">Bolster Softgoods bietet textile L\u00f6sungen f\u00fcr eine Vielzahl von Produkten und Produktgruppen. Zum Beispiel eine einfache H\u00fclle, um Produkte zu verpacken oder zu sch\u00fctzen. Aber auch ma\u00dfgefertigte Rucks\u00e4cke oder komplexere Designs, die unter anderem eine Interaktion zwischen Textilien und (statischen oder beweglichen) Hardwarekomponenten beinhalten k\u00f6nnen.  <\/p>\n<p style=\"font-weight: 400;\">Suchen Sie eine serienf\u00e4hige H\u00fclle, Polsterung, Verkleidung oder technische Textill\u00f6sung? Oder wollten Sie schon immer eine eigene Rucksack- oder Handtaschenreihe? Dann sind Sie bei Bolster Softgoods genau richtig. Mit Produktionsstandorten in den Niederlanden, Europa und Asien k\u00f6nnen wir immer eine L\u00f6sung in der passenden Qualit\u00e4t, mit der passenden Geschwindigkeit und zum passenden Preis liefern.   <\/p>\n<p style=\"font-weight: 400;\">Um das perfekte Produkt realisieren zu k\u00f6nnen, suchen wir immer nach der richtigen Kombination aus (klassischer) N\u00e4harbeit und innovativen <a href=\"https:\/\/www.bolstersoftgoods.com\/de\/techniken\/\">Techniken<\/a> wie Ultraschallschwei\u00dfen, Hei\u00dfpressformen und vielen anderen Verfahren. Qualit\u00e4t garantiert. Qualit\u00e4t garantiert.<\/p>\n<p style=\"font-weight: 400;\">Handhabung, Transport, Verpackung und Qualit\u00e4tskontrolle Ihrer Softgoods werden komplett von uns \u00fcbernommen. So brauchen Sie sich darum keine Sorgen zu machen und k\u00f6nnen Sie sich auf Ihr Gesch\u00e4ft konzentrieren. Bolster Softgoods entlastet Sie. <\/p>\n<p style=\"font-weight: 400;\">Bolster Softgoods k\u00fcmmert sich darum.<\/p>\n<p>[\/vc_column_text][vc_row_inner row_inner_height_percent=&#8220;0&#8243; overlay_alpha=&#8220;50&#8243; gutter_size=&#8220;3&#8243; shift_y=&#8220;0&#8243; z_index=&#8220;0&#8243; el_class=&#8220;btn-section&#8220; limit_content=&#8220;&#8220;][vc_column_inner column_width_percent=&#8220;100&#8243; align_horizontal=&#8220;align_right&#8220; gutter_size=&#8220;3&#8243; overlay_alpha=&#8220;50&#8243; shift_x=&#8220;0&#8243; shift_y=&#8220;0&#8243; shift_y_down=&#8220;0&#8243; z_index=&#8220;0&#8243; medium_width=&#8220;0&#8243; mobile_width=&#8220;0&#8243; width=&#8220;1\/1&#8243;][vc_button border_width=&#8220;0&#8243; el_class=&#8220;btn-right-white-large&#8220; link=&#8220;url:https%3A%2F%2Fwww.bolstersoftgoods.com%2Fde%2Fuber-uns%2F|title:%C3%9Cber%20uns|&#8220; uncode_shortcode_id=&#8220;315407&#8243;]Mehr \u00fcber uns[\/vc_button][\/vc_column_inner][\/vc_row_inner][\/vc_column][\/vc_row][vc_row row_height_percent=&#8220;0&#8243; override_padding=&#8220;yes&#8220; h_padding=&#8220;2&#8243; top_padding=&#8220;2&#8243; bottom_padding=&#8220;5&#8243; overlay_alpha=&#8220;50&#8243; gutter_size=&#8220;3&#8243; column_width_use_pixel=&#8220;yes&#8220; shift_y=&#8220;0&#8243; z_index=&#8220;0&#8243; medium_visibility=&#8220;yes&#8220; mobile_visibility=&#8220;yes&#8220; column_width_pixel=&#8220;1100&#8243;][vc_column column_width_percent=&#8220;100&#8243; gutter_size=&#8220;3&#8243; overlay_alpha=&#8220;50&#8243; shift_x=&#8220;0&#8243; shift_y=&#8220;0&#8243; shift_y_down=&#8220;0&#8243; z_index=&#8220;0&#8243; medium_width=&#8220;0&#8243; mobile_width=&#8220;0&#8243; css_animation=&#8220;bottom-t-top&#8220; width=&#8220;1\/1&#8243;][vc_custom_heading text_color=&#8220;color-174713&#8243; heading_semantic=&#8220;h3&#8243; text_size=&#8220;fontsize-164190&#8243; text_weight=&#8220;600&#8243; uncode_shortcode_id=&#8220;299106&#8243; text_color_type=&#8220;uncode-palette&#8220;]<\/p>\n<p style=\"font-weight: 400;\">Sehen Sie sich unsere Projekte<\/p>\n<p>[\/vc_custom_heading][uncode_index el_id=&#8220;index-130601&#8243; loop=&#8220;size:2|order_by:date|order:DESC|post_type:portfolio|taxonomy_count:10&#8243; screen_lg=&#8220;800&#8243; screen_md=&#8220;600&#8243; screen_sm=&#8220;480&#8243; gutter_size=&#8220;2&#8243; portfolio_items=&#8220;title,media|featured|onpost|original,detail-159383,link|default|default_size|Show project&#8220; single_text=&#8220;overlay&#8220; single_width=&#8220;6&#8243; images_size=&#8220;one-one&#8220; single_overlay_opacity=&#8220;50&#8243; single_overlay_visible=&#8220;yes&#8220; single_overlay_anim=&#8220;no&#8220; single_text_visible=&#8220;yes&#8220; single_text_anim=&#8220;no&#8220; single_v_position=&#8220;bottom&#8220; single_padding=&#8220;2&#8243; single_border=&#8220;yes&#8220; no_double_tap=&#8220;yes&#8220; el_class=&#8220;portfolio-box&#8220; offset=&#8220;1&#8243; uncode_shortcode_id=&#8220;152250&#8243;][vc_row_inner row_inner_height_percent=&#8220;0&#8243; overlay_alpha=&#8220;50&#8243; gutter_size=&#8220;3&#8243; shift_y=&#8220;0&#8243; z_index=&#8220;0&#8243; el_class=&#8220;btn-section&#8220; limit_content=&#8220;&#8220;][vc_column_inner column_width_percent=&#8220;100&#8243; align_horizontal=&#8220;align_right&#8220; gutter_size=&#8220;3&#8243; overlay_alpha=&#8220;50&#8243; shift_x=&#8220;0&#8243; shift_y=&#8220;0&#8243; shift_y_down=&#8220;0&#8243; z_index=&#8220;0&#8243; medium_width=&#8220;0&#8243; mobile_width=&#8220;0&#8243; width=&#8220;1\/1&#8243;][vc_button border_width=&#8220;0&#8243; el_class=&#8220;btn-right-white&#8220; link=&#8220;url:https%3A%2F%2Fwww.bolstersoftgoods.com%2Fde%2Fprojekte%2F|title:Projekte|&#8220; uncode_shortcode_id=&#8220;699709&#8243;]Projekte anzeigen[\/vc_button][\/vc_column_inner][\/vc_row_inner][\/vc_column][\/vc_row][vc_row row_height_percent=&#8220;0&#8243; override_padding=&#8220;yes&#8220; h_padding=&#8220;2&#8243; top_padding=&#8220;2&#8243; bottom_padding=&#8220;5&#8243; overlay_alpha=&#8220;50&#8243; gutter_size=&#8220;3&#8243; column_width_use_pixel=&#8220;yes&#8220; shift_y=&#8220;0&#8243; z_index=&#8220;0&#8243; desktop_visibility=&#8220;yes&#8220; column_width_pixel=&#8220;1100&#8243;][vc_column column_width_percent=&#8220;100&#8243; gutter_size=&#8220;3&#8243; overlay_alpha=&#8220;50&#8243; shift_x=&#8220;0&#8243; shift_y=&#8220;0&#8243; shift_y_down=&#8220;0&#8243; z_index=&#8220;0&#8243; medium_width=&#8220;0&#8243; mobile_width=&#8220;0&#8243; css_animation=&#8220;bottom-t-top&#8220; width=&#8220;1\/1&#8243;][vc_custom_heading text_color=&#8220;color-174713&#8243; heading_semantic=&#8220;h3&#8243; text_size=&#8220;fontsize-164190&#8243; text_weight=&#8220;600&#8243;]Portfolio[\/vc_custom_heading][uncode_index el_id=&#8220;index-130601&#8243; loop=&#8220;size:3|order_by:date|order:DESC|post_type:portfolio|taxonomy_count:10&#8243; screen_lg=&#8220;800&#8243; screen_md=&#8220;600&#8243; screen_sm=&#8220;480&#8243; gutter_size=&#8220;2&#8243; portfolio_items=&#8220;title,media|featured|onpost|original,detail-159383,link|default|default_size|Show project&#8220; single_text=&#8220;overlay&#8220; single_width=&#8220;6&#8243; images_size=&#8220;one-one&#8220; single_shape=&#8220;round&#8220; radius=&#8220;std&#8220; single_overlay_opacity=&#8220;50&#8243; single_overlay_visible=&#8220;yes&#8220; single_overlay_anim=&#8220;no&#8220; single_text_visible=&#8220;yes&#8220; single_text_anim=&#8220;no&#8220; single_v_position=&#8220;bottom&#8220; single_padding=&#8220;2&#8243; single_border=&#8220;yes&#8220; no_double_tap=&#8220;yes&#8220; el_class=&#8220;portfolio-box&#8220; uncode_shortcode_id=&#8220;579656&#8243;][vc_row_inner row_inner_height_percent=&#8220;0&#8243; overlay_alpha=&#8220;50&#8243; gutter_size=&#8220;3&#8243; shift_y=&#8220;0&#8243; z_index=&#8220;0&#8243; el_class=&#8220;btn-section&#8220; limit_content=&#8220;&#8220;][vc_column_inner column_width_percent=&#8220;100&#8243; align_horizontal=&#8220;align_right&#8220; gutter_size=&#8220;3&#8243; overlay_alpha=&#8220;50&#8243; shift_x=&#8220;0&#8243; shift_y=&#8220;0&#8243; shift_y_down=&#8220;0&#8243; z_index=&#8220;0&#8243; medium_width=&#8220;0&#8243; mobile_width=&#8220;0&#8243; width=&#8220;1\/1&#8243;][vc_button border_width=&#8220;0&#8243; el_class=&#8220;btn-right-white&#8220; link=&#8220;url:https%3A%2F%2Fwww.bolstersoftgoods.com%2Fde%2Fprojekte%2F|title:Portfolio|&#8220; uncode_shortcode_id=&#8220;178220&#8243;]Projekte anzeigen[\/vc_button][\/vc_column_inner][\/vc_row_inner][\/vc_column][\/vc_row][vc_row row_height_percent=&#8220;0&#8243; override_padding=&#8220;yes&#8220; h_padding=&#8220;0&#8243; top_padding=&#8220;2&#8243; bottom_padding=&#8220;2&#8243; overlay_alpha=&#8220;50&#8243; gutter_size=&#8220;3&#8243; column_width_percent=&#8220;100&#8243; shift_y=&#8220;0&#8243; z_index=&#8220;0&#8243; desktop_visibility=&#8220;yes&#8220;][vc_column width=&#8220;1\/1&#8243;][vc_single_image media=&#8220;1034&#8243; media_width_percent=&#8220;100&#8243; media_ratio=&#8220;two-three&#8220; alignment=&#8220;center&#8220;][\/vc_column][\/vc_row][vc_row row_height_percent=&#8220;80&#8243; back_image=&#8220;1034&#8243; back_repeat=&#8220;no-repeat&#8220; back_position=&#8220;left center&#8220; overlay_alpha=&#8220;0&#8243; gutter_size=&#8220;3&#8243; column_width_percent=&#8220;100&#8243; shift_y=&#8220;0&#8243; z_index=&#8220;0&#8243; el_class=&#8220;image-contain-left&#8220;][vc_column width=&#8220;1\/2&#8243;][\/vc_column][vc_column column_width_percent=&#8220;100&#8243; position_vertical=&#8220;middle&#8220; gutter_size=&#8220;3&#8243; overlay_alpha=&#8220;50&#8243; shift_x=&#8220;0&#8243; shift_y=&#8220;0&#8243; shift_y_down=&#8220;0&#8243; z_index=&#8220;0&#8243; medium_width=&#8220;0&#8243; mobile_width=&#8220;0&#8243; css_animation=&#8220;bottom-t-top&#8220; width=&#8220;1\/2&#8243;][vc_custom_heading text_color=&#8220;color-174713&#8243; text_size=&#8220;fontsize-209830&#8243; medium_visibility=&#8220;yes&#8220; mobile_visibility=&#8220;yes&#8220; el_class=&#8220;title-img-left&#8220; uncode_shortcode_id=&#8220;212009&#8243; text_color_type=&#8220;uncode-palette&#8220;]Erfahrener Prozesspartner[\/vc_custom_heading][vc_custom_heading text_color=&#8220;color-174713&#8243; text_size=&#8220;fontsize-478981&#8243; desktop_visibility=&#8220;yes&#8220; el_class=&#8220;title-img-left&#8220; uncode_shortcode_id=&#8220;123865&#8243; text_color_type=&#8220;uncode-palette&#8220;]Erfahrener Prozesspartner[\/vc_custom_heading][vc_column_text el_class=&#8220;body-img-left&#8220; uncode_shortcode_id=&#8220;134538&#8243;]<\/p>\n<p style=\"font-weight: 400;\">Unser Team von Spezialisten verf\u00fcgt \u00fcber mehr als 18 Jahre Erfahrung in der Entwicklung und Produktion verschiedener Textilprodukte. Diese Produkte stellen wir in Serien von Dutzenden bis Tausenden her. Genau in der Menge, die Sie als Kunde ben\u00f6tigen. Wir wachsen mit Ihnen. Mit unserem umfangreichen Netzwerk f\u00fcr Produktion, Transport und Montage k\u00f6nnen wir sehr schnell reagieren. Das macht uns sehr flexibel.     <\/p>\n<p style=\"font-weight: 400;\">Haben Sie ein herausforderndes Design? Oder brauchen Sie eine nahtlose Verbindung zwischen einem Textilteil und einer Hardwarekomponente? Nur her damit! Wir helfen Ihnen gerne.   <\/p>\n<p>[\/vc_column_text][vc_row_inner limit_content=&#8220;&#8220;][vc_column_inner column_width_percent=&#8220;100&#8243; align_horizontal=&#8220;align_right&#8220; gutter_size=&#8220;3&#8243; overlay_alpha=&#8220;50&#8243; shift_x=&#8220;0&#8243; shift_y=&#8220;0&#8243; shift_y_down=&#8220;0&#8243; z_index=&#8220;0&#8243; medium_width=&#8220;0&#8243; mobile_width=&#8220;0&#8243; width=&#8220;1\/1&#8243;][vc_button border_width=&#8220;0&#8243; el_class=&#8220;btn-right-white-large&#8220; link=&#8220;url:https%3A%2F%2Fwww.bolstersoftgoods.com%2Fde%2Fangebot-anfordern%2F|title:Angebot%20anfordern|&#8220; uncode_shortcode_id=&#8220;190703&#8243;]Angebot anfordern[\/vc_button][\/vc_column_inner][\/vc_row_inner][\/vc_column][\/vc_row][vc_row][vc_column width=&#8220;1\/1&#8243;][vc_empty_space empty_h=&#8220;2&#8243;][\/vc_column][\/vc_row]<\/p>\n<\/div>","protected":false},"excerpt":{"rendered":"<p>[vc_row row_height_percent=&#8220;100&#8243; back_image=&#8220;575&#8243; back_position=&#8220;center top&#8220; overlay_color=&#8220;color-jevc&#8220; overlay_alpha=&#8220;25&#8243; gutter_size=&#8220;3&#8243; column_width_percent=&#8220;100&#8243; shift_y=&#8220;0&#8243; z_index=&#8220;0&#8243; el_class=&#8220;header-home&#8220;][vc_column column_width_percent=&#8220;100&#8243; position_vertical=&#8220;middle&#8220; gutter_size=&#8220;3&#8243; overlay_alpha=&#8220;50&#8243; shift_x=&#8220;0&#8243; shift_y=&#8220;0&#8243; shift_y_down=&#8220;0&#8243; z_index=&#8220;0&#8243; [&hellip;]<\/p>\n","protected":false},"author":1,"featured_media":0,"parent":0,"menu_order":0,"comment_status":"closed","ping_status":"closed","template":"","meta":{"footnotes":""},"yoast_head":"<!-- This site is optimized with the Yoast SEO plugin v22.2 - https:\/\/yoast.com\/wordpress\/plugins\/seo\/ -->\n<title>Home - Bolster Softgoods<\/title>\n<meta name=\"description\" content=\"Bolster Softgoods has over 18 years of experience in developing and manufacturing a variety of textile products; such as transport and protective covers.\" \/>\n<meta name=\"robots\" content=\"index, follow, max-snippet:-1, max-image-preview:large, max-video-preview:-1\" \/>\n<link rel=\"canonical\" href=\"https:\/\/bolster.staging.legitagency.nl\/de\/\" \/>\n<meta property=\"og:locale\" content=\"de_DE\" \/>\n<meta property=\"og:type\" content=\"article\" \/>\n<meta property=\"og:title\" content=\"Home - Bolster Softgoods\" \/>\n<meta property=\"og:description\" content=\"Bolster Softgoods has over 18 years of experience in developing and manufacturing a variety of textile products; such as transport and protective covers.\" \/>\n<meta property=\"og:url\" content=\"https:\/\/bolster.staging.legitagency.nl\/de\/\" \/>\n<meta property=\"og:site_name\" content=\"Bolster Softgoods\" \/>\n<meta property=\"article:modified_time\" content=\"2023-11-10T13:59:35+00:00\" \/>\n<meta name=\"twitter:card\" content=\"summary_large_image\" \/>\n<meta name=\"twitter:label1\" content=\"Gesch\u00e4tzte Lesezeit\" \/>\n\t<meta name=\"twitter:data1\" content=\"4 Minuten\" \/>\n<script type=\"application\/ld+json\" class=\"yoast-schema-graph\">{\"@context\":\"https:\/\/schema.org\",\"@graph\":[{\"@type\":\"WebPage\",\"@id\":\"https:\/\/bolster.staging.legitagency.nl\/de\/\",\"url\":\"https:\/\/bolster.staging.legitagency.nl\/de\/\",\"name\":\"Home - Bolster Softgoods\",\"isPartOf\":{\"@id\":\"https:\/\/bolster.staging.legitagency.nl\/de\/#website\"},\"datePublished\":\"2021-01-14T10:44:11+00:00\",\"dateModified\":\"2023-11-10T13:59:35+00:00\",\"description\":\"Bolster Softgoods has over 18 years of experience in developing and manufacturing a variety of textile products; such as transport and protective covers.\",\"breadcrumb\":{\"@id\":\"https:\/\/bolster.staging.legitagency.nl\/de\/#breadcrumb\"},\"inLanguage\":\"de-DE\",\"potentialAction\":[{\"@type\":\"ReadAction\",\"target\":[\"https:\/\/bolster.staging.legitagency.nl\/de\/\"]}]},{\"@type\":\"BreadcrumbList\",\"@id\":\"https:\/\/bolster.staging.legitagency.nl\/de\/#breadcrumb\",\"itemListElement\":[{\"@type\":\"ListItem\",\"position\":1,\"name\":\"Home\",\"item\":\"https:\/\/bolster.staging.legitagency.nl\/de\/\"},{\"@type\":\"ListItem\",\"position\":2,\"name\":\"Home\"}]},{\"@type\":\"WebSite\",\"@id\":\"https:\/\/bolster.staging.legitagency.nl\/de\/#website\",\"url\":\"https:\/\/bolster.staging.legitagency.nl\/de\/\",\"name\":\"Bolster Softgoods\",\"description\":\"\",\"publisher\":{\"@id\":\"https:\/\/bolster.staging.legitagency.nl\/de\/#organization\"},\"potentialAction\":[{\"@type\":\"SearchAction\",\"target\":{\"@type\":\"EntryPoint\",\"urlTemplate\":\"https:\/\/bolster.staging.legitagency.nl\/de\/?s={search_term_string}\"},\"query-input\":\"required name=search_term_string\"}],\"inLanguage\":\"de-DE\"},{\"@type\":\"Organization\",\"@id\":\"https:\/\/bolster.staging.legitagency.nl\/de\/#organization\",\"name\":\"Bolster Softgoods B.V.\",\"url\":\"https:\/\/bolster.staging.legitagency.nl\/de\/\",\"logo\":{\"@type\":\"ImageObject\",\"inLanguage\":\"de-DE\",\"@id\":\"https:\/\/bolster.staging.legitagency.nl\/de\/#\/schema\/logo\/image\/\",\"url\":\"https:\/\/www.bolstersoftgoods.com\/wp-content\/uploads\/2021\/01\/Bolster_logo_dark.svg\",\"contentUrl\":\"https:\/\/www.bolstersoftgoods.com\/wp-content\/uploads\/2021\/01\/Bolster_logo_dark.svg\",\"width\":222,\"height\":44,\"caption\":\"Bolster Softgoods B.V.\"},\"image\":{\"@id\":\"https:\/\/bolster.staging.legitagency.nl\/de\/#\/schema\/logo\/image\/\"},\"sameAs\":[\"https:\/\/www.instagram.com\/bolstersoftgoods\/\",\"https:\/\/www.linkedin.com\/company\/bolster-softgoods-b-v\/\",\"https:\/\/nl.pinterest.com\/BolsterSoftgoods\/\"]}]}<\/script>\n<!-- \/ Yoast SEO plugin. -->","yoast_head_json":{"title":"Home - Bolster Softgoods","description":"Bolster Softgoods has over 18 years of experience in developing and manufacturing a variety of textile products; such as transport and protective covers.","robots":{"index":"index","follow":"follow","max-snippet":"max-snippet:-1","max-image-preview":"max-image-preview:large","max-video-preview":"max-video-preview:-1"},"canonical":"https:\/\/bolster.staging.legitagency.nl\/de\/","og_locale":"de_DE","og_type":"article","og_title":"Home - Bolster Softgoods","og_description":"Bolster Softgoods has over 18 years of experience in developing and manufacturing a variety of textile products; such as transport and protective covers.","og_url":"https:\/\/bolster.staging.legitagency.nl\/de\/","og_site_name":"Bolster Softgoods","article_modified_time":"2023-11-10T13:59:35+00:00","twitter_card":"summary_large_image","twitter_misc":{"Gesch\u00e4tzte Lesezeit":"4 Minuten"},"schema":{"@context":"https:\/\/schema.org","@graph":[{"@type":"WebPage","@id":"https:\/\/bolster.staging.legitagency.nl\/de\/","url":"https:\/\/bolster.staging.legitagency.nl\/de\/","name":"Home - Bolster Softgoods","isPartOf":{"@id":"https:\/\/bolster.staging.legitagency.nl\/de\/#website"},"datePublished":"2021-01-14T10:44:11+00:00","dateModified":"2023-11-10T13:59:35+00:00","description":"Bolster Softgoods has over 18 years of experience in developing and manufacturing a variety of textile products; such as transport and protective covers.","breadcrumb":{"@id":"https:\/\/bolster.staging.legitagency.nl\/de\/#breadcrumb"},"inLanguage":"de-DE","potentialAction":[{"@type":"ReadAction","target":["https:\/\/bolster.staging.legitagency.nl\/de\/"]}]},{"@type":"BreadcrumbList","@id":"https:\/\/bolster.staging.legitagency.nl\/de\/#breadcrumb","itemListElement":[{"@type":"ListItem","position":1,"name":"Home","item":"https:\/\/bolster.staging.legitagency.nl\/de\/"},{"@type":"ListItem","position":2,"name":"Home"}]},{"@type":"WebSite","@id":"https:\/\/bolster.staging.legitagency.nl\/de\/#website","url":"https:\/\/bolster.staging.legitagency.nl\/de\/","name":"Bolster Softgoods","description":"","publisher":{"@id":"https:\/\/bolster.staging.legitagency.nl\/de\/#organization"},"potentialAction":[{"@type":"SearchAction","target":{"@type":"EntryPoint","urlTemplate":"https:\/\/bolster.staging.legitagency.nl\/de\/?s={search_term_string}"},"query-input":"required name=search_term_string"}],"inLanguage":"de-DE"},{"@type":"Organization","@id":"https:\/\/bolster.staging.legitagency.nl\/de\/#organization","name":"Bolster Softgoods B.V.","url":"https:\/\/bolster.staging.legitagency.nl\/de\/","logo":{"@type":"ImageObject","inLanguage":"de-DE","@id":"https:\/\/bolster.staging.legitagency.nl\/de\/#\/schema\/logo\/image\/","url":"https:\/\/www.bolstersoftgoods.com\/wp-content\/uploads\/2021\/01\/Bolster_logo_dark.svg","contentUrl":"https:\/\/www.bolstersoftgoods.com\/wp-content\/uploads\/2021\/01\/Bolster_logo_dark.svg","width":222,"height":44,"caption":"Bolster Softgoods B.V."},"image":{"@id":"https:\/\/bolster.staging.legitagency.nl\/de\/#\/schema\/logo\/image\/"},"sameAs":["https:\/\/www.instagram.com\/bolstersoftgoods\/","https:\/\/www.linkedin.com\/company\/bolster-softgoods-b-v\/","https:\/\/nl.pinterest.com\/BolsterSoftgoods\/"]}]}},"_links":{"self":[{"href":"https:\/\/bolster.staging.legitagency.nl\/de\/wp-json\/wp\/v2\/pages\/3055"}],"collection":[{"href":"https:\/\/bolster.staging.legitagency.nl\/de\/wp-json\/wp\/v2\/pages"}],"about":[{"href":"https:\/\/bolster.staging.legitagency.nl\/de\/wp-json\/wp\/v2\/types\/page"}],"author":[{"embeddable":true,"href":"https:\/\/bolster.staging.legitagency.nl\/de\/wp-json\/wp\/v2\/users\/1"}],"replies":[{"embeddable":true,"href":"https:\/\/bolster.staging.legitagency.nl\/de\/wp-json\/wp\/v2\/comments?post=3055"}],"version-history":[{"count":20,"href":"https:\/\/bolster.staging.legitagency.nl\/de\/wp-json\/wp\/v2\/pages\/3055\/revisions"}],"predecessor-version":[{"id":3880,"href":"https:\/\/bolster.staging.legitagency.nl\/de\/wp-json\/wp\/v2\/pages\/3055\/revisions\/3880"}],"wp:attachment":[{"href":"https:\/\/bolster.staging.legitagency.nl\/de\/wp-json\/wp\/v2\/media?parent=3055"}],"curies":[{"name":"wp","href":"https:\/\/api.w.org\/{rel}","templated":true}]}}